{"id":658,"date":"2020-04-17T15:22:13","date_gmt":"2020-04-17T13:22:13","guid":{"rendered":"https:\/\/dentist.lu\/home"},"modified":"2023-04-04T07:06:33","modified_gmt":"2023-04-04T05:06:33","slug":"home","status":"publish","type":"page","link":"https:\/\/dentist.lu\/en","title":{"rendered":"Home"},"content":{"rendered":"<p>[vc_row css=&#8221;.vc_custom_1601055580828{padding-top: 115px !important;padding-bottom: 50px !important;background-image: url(https:\/\/dentist.lu\/wp-content\/uploads\/2020\/02\/Header-Accueil-Dentist.jpg?id=235) !important;background-position: center !important;background-repeat: no-repeat !important;background-size: cover !important;}&#8221; el_class=&#8221;slide&#8221;][vc_column][vc_row_inner el_class=&#8221;container&#8221;][vc_column_inner][vc_custom_heading text=&#8221;YOUR SMILE IS OUR PASSION&#8221; font_container=&#8221;tag:h2|font_size:25px|text_align:left|color:%23000000|line_height:38px&#8221; use_theme_fonts=&#8221;yes&#8221; css_animation=&#8221;fadeInRight&#8221;][vc_column_text el_class=&#8221;h2&#8243;]For competent and personal dental treatment[\/vc_column_text][\/vc_column_inner][\/vc_row_inner][vc_row_inner el_class=&#8221;container&#8221;][vc_column_inner][vc_empty_space height=&#8221;178px&#8221;][\/vc_column_inner][\/vc_row_inner][\/vc_column][\/vc_row][vc_row el_class=&#8221;container horaire&#8221;][vc_column][vc_custom_heading text=&#8221;Opening hours&#8221; font_container=&#8221;tag:h3|font_size:15px|text_align:left|color:%230a0a0a&#8221; use_theme_fonts=&#8221;yes&#8221;][vc_row_inner][vc_column_inner width=&#8221;1\/4&#8243;][vc_column_text]Mo\u00a0 08:00-19:00<br \/>\nTu\u00a0 \u00a0 08:00-19:00<br \/>\nWe\u00a0 \u00a008:00-18:00[\/vc_column_text][\/vc_column_inner][vc_column_inner width=&#8221;1\/4&#8243;][vc_column_text]Th\u00a0 08:00-19:00<br \/>\nFr\u00a0 \u00a008:00-18:00<br \/>\nSa\u00a0 on request[\/vc_column_text][\/vc_column_inner][vc_column_inner width=&#8221;1\/4&#8243;][\/vc_column_inner][vc_column_inner width=&#8221;1\/4&#8243;][\/vc_column_inner][\/vc_row_inner][\/vc_column][\/vc_row][vc_row disable_element=&#8221;yes&#8221; el_class=&#8221;container horaire&#8221;][vc_column][vc_custom_heading text=&#8221;Wiederaufnahme der medizinischen Aktivit\u00e4ten.&#8221; font_container=&#8221;tag:h3|font_size:22px|text_align:center|color:%230a0a0a&#8221; use_theme_fonts=&#8221;yes&#8221;][vc_empty_space height=&#8221;16px&#8221;][vc_custom_heading text=&#8221;Aus Sicherheitsgr\u00fcnden reduzierte Aktivit\u00e4ten gem\u00e4\u00df den Covid-19 Hygieneempfehlungen.&#8221; font_container=&#8221;tag:h3|font_size:22px|text_align:center|color:%230a0a0a&#8221; use_theme_fonts=&#8221;yes&#8221;][vc_empty_space][vc_row_inner][vc_column_inner][vc_column_text]<\/p>\n<p style=\"text-align: center;\"><span style=\"font-size: 18px;\"> For important questions we recommend a direct online meeting at<\/span><\/p>\n<p style=\"text-align: center;\"><span style=\"font-size: 18px;\"> <a class=\"linknumber\" href=\" https:\/\/www.esante.lu\/portal\/de\/patienten-bereich\/meine-anmeldung,344,350.html \"> www.esante.lu<\/a><\/span><\/p>\n<p style=\"text-align: center;\"><span style=\"font-size: 18px;\">the teleconsultation platform of the eSant\u00e9 agency *<\/span><\/p>\n<p>[\/vc_column_text][vc_column_text]<\/p>\n<p style=\"text-align: right;\"><span style=\"font-size: 16px;\"><em>*teleconsulting will be charged<\/em><\/span><\/p>\n<p>[\/vc_column_text][\/vc_column_inner][\/vc_row_inner][\/vc_column][\/vc_row][vc_row content_placement=&#8221;bottom&#8221; el_class=&#8221;container&#8221;][vc_column][vc_empty_space height=&#8221;150px&#8221;][\/vc_column][\/vc_row]<\/p>\n","protected":false},"excerpt":{"rendered":"<p>[vc_row css=&#8221;.vc_custom_1601055580828{padding-top: 115px !important;padding-bottom: 50px !important;background-image: url(https:\/\/dentist.lu\/wp-content\/uploads\/2020\/02\/Header-Accueil-Dentist.jpg?id=235) !important;background-position: center !important;background-repeat: no-repeat !important;background-size: cover !important;}&#8221; el_class=&#8221;slide&#8221;][vc_column][vc_row_inner el_class=&#8221;container&#8221;][vc_column_inner][vc_custom_heading text=&#8221;YOUR SMILE IS OUR PASSION&#8221; font_container=&#8221;tag:h2|font_size:25px|text_align:left|color:%23000000|line_height:38px&#8221; use_theme_fonts=&#8221;yes&#8221; css_animation=&#8221;fadeInRight&#8221;][vc_column_text el_class=&#8221;h2&#8243;]For competent and personal dental treatment[\/vc_column_text][\/vc_column_inner][\/vc_row_inner][vc_row_inner el_class=&#8221;container&#8221;][vc_column_inner][vc_empty_space height=&#8221;178px&#8221;][\/vc_column_inner][\/vc_row_inner][\/vc_column][\/vc_row][vc_row el_class=&#8221;container horaire&#8221;][vc_column][vc_custom_heading text=&#8221;Opening hours&#8221; font_container=&#8221;tag:h3|font_size:15px|text_align:left|color:%230a0a0a&#8221; use_theme_fonts=&#8221;yes&#8221;][vc_row_inner][vc_column_inner width=&#8221;1\/4&#8243;][vc_column_text]Mo\u00a0 08:00-19:00 Tu\u00a0 \u00a0 08:00-19:00 We\u00a0 \u00a008:00-18:00[\/vc_column_text][\/vc_column_inner][vc_column_inner width=&#8221;1\/4&#8243;][vc_column_text]Th\u00a0 08:00-19:00 Fr\u00a0 \u00a008:00-18:00 Sa\u00a0 on request[\/vc_column_text][\/vc_column_inner][vc_column_inner width=&#8221;1\/4&#8243;][\/vc_column_inner][vc_column_inner width=&#8221;1\/4&#8243;][\/vc_column_inner][\/vc_row_inner][\/vc_column][\/vc_row][vc_row disable_element=&#8221;yes&#8221; [&hellip;]<\/p>\n","protected":false},"author":4,"featured_media":0,"parent":0,"menu_order":0,"comment_status":"closed","ping_status":"closed","template":"page-full-width.php","meta":{"footnotes":""},"class_list":["post-658","page","type-page","status-publish","hentry"],"yoast_head":"<!-- This site is optimized with the Yoast SEO Premium plugin v14.9 - https:\/\/yoast.com\/wordpress\/plugins\/seo\/ -->\n<meta name=\"description\" content=\"Willkommen bei Ihrem Zahnarzt in Mamer. Bei uns erwarten Sie hochwertige Leistungen &amp; individueller Service. Besuchen Sie uns jetzt!\" \/>\n<meta name=\"robots\" content=\"index, follow, max-snippet:-1, max-image-preview:large, max-video-preview:-1\" \/>\n<link rel=\"canonical\" href=\"https:\/\/dentist.lu\/en\" \/>\n<meta property=\"og:locale\" content=\"en_US\" \/>\n<meta property=\"og:type\" content=\"article\" \/>\n<meta property=\"og:title\" content=\"Dr Biewer &amp; Dr Kolb - Dentist.lu\" \/>\n<meta property=\"og:description\" content=\"Willkommen bei Ihrem Zahnarzt in Mamer. Bei uns erwarten Sie hochwertige Leistungen &amp; individueller Service. Besuchen Sie uns jetzt!\" \/>\n<meta property=\"og:url\" content=\"https:\/\/dentist.lu\/en\" \/>\n<meta property=\"og:site_name\" content=\"Dentist.lu\" \/>\n<meta property=\"article:modified_time\" content=\"2023-04-04T05:06:33+00:00\" \/>\n<meta property=\"og:image\" content=\"https:\/\/dentist.lu\/wp-content\/uploads\/2020\/04\/logo-dentistlu.jpg\" \/>\n\t<meta property=\"og:image:width\" content=\"1777\" \/>\n\t<meta property=\"og:image:height\" content=\"398\" \/>\n<meta name=\"twitter:card\" content=\"summary_large_image\" \/>\n<script type=\"application\/ld+json\" class=\"yoast-schema-graph\">{\"@context\":\"https:\/\/schema.org\",\"@graph\":[{\"@type\":\"Organization\",\"@id\":\"https:\/\/dentist.lu\/en\/#organization\",\"name\":\"Dentist.lu\",\"url\":\"https:\/\/dentist.lu\/en\/\",\"sameAs\":[],\"logo\":{\"@type\":\"ImageObject\",\"@id\":\"https:\/\/dentist.lu\/en\/#logo\",\"inLanguage\":\"en-US\",\"url\":\"https:\/\/dentist.lu\/wp-content\/uploads\/2020\/04\/logo-dentistlu.jpg\",\"width\":1777,\"height\":398,\"caption\":\"Dentist.lu\"},\"image\":{\"@id\":\"https:\/\/dentist.lu\/en\/#logo\"}},{\"@type\":\"WebSite\",\"@id\":\"https:\/\/dentist.lu\/en\/#website\",\"url\":\"https:\/\/dentist.lu\/en\/\",\"name\":\"Dentist.lu\",\"description\":\"Dr. BIEWER &amp; Dr. KOLB\",\"publisher\":{\"@id\":\"https:\/\/dentist.lu\/en\/#organization\"},\"potentialAction\":[{\"@type\":\"SearchAction\",\"target\":\"https:\/\/dentist.lu\/en\/?s={search_term_string}\",\"query-input\":\"required name=search_term_string\"}],\"inLanguage\":\"en-US\"},{\"@type\":\"WebPage\",\"@id\":\"https:\/\/dentist.lu\/en#webpage\",\"url\":\"https:\/\/dentist.lu\/en\",\"name\":\"Dr Biewer & Dr Kolb - Dentist.lu\",\"isPartOf\":{\"@id\":\"https:\/\/dentist.lu\/en\/#website\"},\"datePublished\":\"2020-04-17T13:22:13+00:00\",\"dateModified\":\"2023-04-04T05:06:33+00:00\",\"description\":\"Willkommen bei Ihrem Zahnarzt in Mamer. Bei uns erwarten Sie hochwertige Leistungen & individueller Service. Besuchen Sie uns jetzt!\",\"inLanguage\":\"en-US\",\"potentialAction\":[{\"@type\":\"ReadAction\",\"target\":[\"https:\/\/dentist.lu\/en\"]}]}]}<\/script>\n<!-- \/ Yoast SEO Premium plugin. -->","_links":{"self":[{"href":"https:\/\/dentist.lu\/en\/wp-json\/wp\/v2\/pages\/658","targetHints":{"allow":["GET"]}}],"collection":[{"href":"https:\/\/dentist.lu\/en\/wp-json\/wp\/v2\/pages"}],"about":[{"href":"https:\/\/dentist.lu\/en\/wp-json\/wp\/v2\/types\/page"}],"author":[{"embeddable":true,"href":"https:\/\/dentist.lu\/en\/wp-json\/wp\/v2\/users\/4"}],"replies":[{"embeddable":true,"href":"https:\/\/dentist.lu\/en\/wp-json\/wp\/v2\/comments?post=658"}],"version-history":[{"count":40,"href":"https:\/\/dentist.lu\/en\/wp-json\/wp\/v2\/pages\/658\/revisions"}],"predecessor-version":[{"id":9306,"href":"https:\/\/dentist.lu\/en\/wp-json\/wp\/v2\/pages\/658\/revisions\/9306"}],"wp:attachment":[{"href":"https:\/\/dentist.lu\/en\/wp-json\/wp\/v2\/media?parent=658"}],"curies":[{"name":"wp","href":"https:\/\/api.w.org\/{rel}","templated":true}]}}