{"id":1140,"date":"2020-04-27T17:28:54","date_gmt":"2020-04-27T15:28:54","guid":{"rendered":"https:\/\/dentist.lu\/agenda-en-ligne"},"modified":"2025-09-15T06:16:05","modified_gmt":"2025-09-15T04:16:05","slug":"agenda-en-ligne","status":"publish","type":"page","link":"https:\/\/dentist.lu\/fr\/agenda-en-ligne","title":{"rendered":"Agenda en ligne"},"content":{"rendered":"<p>[vc_row css=\u00a0\u00bb.vc_custom_1587997139020{padding-top: 115px !important;padding-bottom: 50px !important;background-image: url(https:\/\/dentist.lu\/wp-content\/uploads\/2020\/02\/main-img-contactt.jpg?id=289) !important;background-position: center !important;background-repeat: no-repeat !important;background-size: cover !important;}\u00a0\u00bb el_class=\u00a0\u00bb\/slide\u00a0\u00bb][vc_column][vc_empty_space height=\u00a0\u00bb48px\u00a0\u00bb][vc_row_inner el_class=\u00a0\u00bbcontainer\u00a0\u00bb][vc_column_inner][vc_custom_heading text=\u00a0\u00bbEst-ce votre premi\u00e8re r\u00e9servation par DENTIST.LU?\u00a0\u00bb font_container=\u00a0\u00bbtag:h2|font_size:21px|text_align:left|color:%23000000|line_height:50px\u00a0\u00bb use_theme_fonts=\u00a0\u00bbyes\u00a0\u00bb css_animation=\u00a0\u00bbfadeInRight\u00a0\u00bb][vc_custom_heading text=\u00a0\u00bbIl est assez simple de prendre votre rendez-vous en ligne.\u00a0\u00bb font_container=\u00a0\u00bbtag:h2|font_size:21px|text_align:left|color:%23000000|line_height:50px\u00a0\u00bb use_theme_fonts=\u00a0\u00bbyes\u00a0\u00bb css_animation=\u00a0\u00bbfadeInRight\u00a0\u00bb][\/vc_column_inner][\/vc_row_inner][vc_row_inner el_class=\u00a0\u00bbcontainer\u00a0\u00bb][vc_column_inner][vc_empty_space height=\u00a0\u00bb130px\u00a0\u00bb][\/vc_column_inner][\/vc_row_inner][\/vc_column][\/vc_row][vc_row el_class=\u00a0\u00bbcontainer\u00a0\u00bb css=\u00a0\u00bb.vc_custom_1720098652000{margin-top: 32px !important;}\u00a0\u00bb][vc_column][vc_tta_tabs style=\u00a0\u00bbflat\u00a0\u00bb shape=\u00a0\u00bbsquare\u00a0\u00bb color=\u00a0\u00bbgreen\u00a0\u00bb spacing=\u00a0\u00bb35&Prime; gap=\u00a0\u00bb35&Prime; alignment=\u00a0\u00bbcenter\u00a0\u00bb active_section=\u00a0\u00bb\u00a0\u00bb el_id=\u00a0\u00bbonline-appointment\u00a0\u00bb][vc_tta_section i_icon_fontawesome=\u00a0\u00bbfar fa-calendar-alt\u00a0\u00bb add_icon=\u00a0\u00bbtrue\u00a0\u00bb title=\u00a0\u00bbRendez-vous Dr. Biewer\u00a0\u00bb tab_id=\u00a0\u00bbdr-biewer\u00a0\u00bb][vc_raw_html]PCEtLSBDYWxlbmRseSBJbmxpbmUtV2lkZ2V0IEJlZ2lubiAtLT4NCg0KPGRpdiBjbGFzcz0iY2FsZW5kbHktaW5saW5lLXdpZGdldCIgZGF0YS11cmw9Imh0dHBzOi8vY2FsZW5kbHkuY29tL2JvYmJpZXdlcj9wcmltYXJ5X2NvbG9yPTg4Yjc0NiIgc3R5bGU9ImhlaWdodDo3MjBweDsiPjwvZGl2Pg0KDQo8c2NyaXB0IHR5cGU9InRleHQvamF2YXNjcmlwdCIgc3JjPSJodHRwczovL2Fzc2V0cy5jYWxlbmRseS5jb20vYXNzZXRzL2V4dGVybmFsL3dpZGdldC5qcyI+PC9zY3JpcHQ+DQoNCjwhLS0gQ2FsZW5kbHkgSW5saW5lLVdpZGdldCBFbmRlIC0tPg==[\/vc_raw_html][\/vc_tta_section][vc_tta_section i_icon_fontawesome=\u00a0\u00bbfas fa-calendar-alt\u00a0\u00bb add_icon=\u00a0\u00bbtrue\u00a0\u00bb title=\u00a0\u00bbRendez-vous Dr. Kolb\u00a0\u00bb tab_id=\u00a0\u00bb1757866593491-c2177a18-e14e\u00a0\u00bb][vc_raw_html]JTIwJTIwJTIwJTIwJTIwJTIwJTIwJTIwJTNDc2VjdGlvbiUyMGRhdGEtdG9nZ2xlJTNEJTIyZG9jLWNhbGVuZGFyJTIyJTIwZGF0YS1waWN0dXJlJTNEJTIyMSUyMiUyMGRhdGEtZG9jdG9yLWVpZCUzRCUyMmU3MTI4NWYxLWQwY2ItNDE3MC1iYjVlLWE3NWM1MDZlZjI5YiUyMiUyMGRhdGEtbGFuZ3VhZ2UlM0QlMjJmciUyMiUzRSUyMCUzQyUyRnNlY3Rpb24lM0UlMEElMjAlMjAlMjAlMjAlMjAlMjAlMjAlMjAlM0NzY3JpcHQlMjBzcmMlM0QlMjJodHRwcyUzQSUyRiUyRmFwaS5kb2N0ZW5hLmx1JTJGanMlMkZ3aWRnZXRCb29raW5nJTJGY2FsZW5kYXIlMkZidWlsZC5waHAlMjIlM0UlM0MlMkZzY3JpcHQlM0UlMEE=[\/vc_raw_html][\/vc_tta_section][vc_tta_section i_icon_fontawesome=\u00a0\u00bbfas fa-calendar-alt\u00a0\u00bb add_icon=\u00a0\u00bbtrue\u00a0\u00bb title=\u00a0\u00bbRendez-vous Dr. Monners\u00a0\u00bb tab_id=\u00a0\u00bbdr-monners\u00a0\u00bb][vc_raw_html]JTIwJTIwJTIwJTIwJTIwJTIwJTIwJTIwJTNDc2VjdGlvbiUyMGRhdGEtdG9nZ2xlJTNEJTIyZG9jLWNhbGVuZGFyJTIyJTIwZGF0YS1waWN0dXJlJTNEJTIyMSUyMiUyMGRhdGEtZG9jdG9yLWVpZCUzRCUyMjdjM2Q2ZGJmLWMwNmUtNGViYi1iZjUwLTgzYTAxMjZiY2I3OCUyMiUyMGRhdGEtbGFuZ3VhZ2UlM0QlMjJkZSUyMiUzRSUyMCUzQyUyRnNlY3Rpb24lM0UlMEElMjAlMjAlMjAlMjAlMjAlMjAlMjAlMjAlM0NzY3JpcHQlMjBzcmMlM0QlMjJodHRwcyUzQSUyRiUyRmFwaS5kb2N0ZW5hLmx1JTJGanMlMkZ3aWRnZXRCb29raW5nJTJGY2FsZW5kYXIlMkZidWlsZC5waHAlMjIlM0UlM0MlMkZzY3JpcHQlM0UlMEE=[\/vc_raw_html][\/vc_tta_section][\/vc_tta_tabs][\/vc_column][\/vc_row][vc_row el_class=\u00a0\u00bbcontainer\u00a0\u00bb][vc_column][vc_empty_space height=\u00a0\u00bb15px\u00a0\u00bb][vc_column_text]<\/p>\n<p style=\"font-weight: 400; text-align: center;\">Pour les urgences dentaires, appelez-nous au <a href=\"tel:+352312989\">+352 31 29 89<\/a>. Dans la plupart des cas, nous pouvons vous offrir un rendez-vous le jour m\u00eame.<\/p>\n<p style=\"font-weight: 400; text-align: center;\">Essayez d\u2019arriver 10 minutes \u00e0 l\u2019avance pour votre premier rendez-vous. Cela vous donnera le temps de remplir tous les formulaires d\u2019ant\u00e9c\u00e9dents m\u00e9dicaux et de vous assurer que vos coordonn\u00e9es sont \u00e0 jour.<\/p>\n<p>[\/vc_column_text][vc_empty_space height=\u00a0\u00bb30px\u00a0\u00bb][\/vc_column][\/vc_row]<\/p>\n","protected":false},"excerpt":{"rendered":"<p>[vc_row css=\u00a0\u00bb.vc_custom_1587997139020{padding-top: 115px !important;padding-bottom: 50px !important;background-image: url(https:\/\/dentist.lu\/wp-content\/uploads\/2020\/02\/main-img-contactt.jpg?id=289) !important;background-position: center !important;background-repeat: no-repeat !important;background-size: cover !important;}\u00a0\u00bb el_class=\u00a0\u00bb\/slide\u00a0\u00bb][vc_column][vc_empty_space height=\u00a0\u00bb48px\u00a0\u00bb][vc_row_inner el_class=\u00a0\u00bbcontainer\u00a0\u00bb][vc_column_inner][vc_custom_heading text=\u00a0\u00bbEst-ce votre premi\u00e8re r\u00e9servation par DENTIST.LU?\u00a0\u00bb font_container=\u00a0\u00bbtag:h2|font_size:21px|text_align:left|color:%23000000|line_height:50px\u00a0\u00bb use_theme_fonts=\u00a0\u00bbyes\u00a0\u00bb css_animation=\u00a0\u00bbfadeInRight\u00a0\u00bb][vc_custom_heading text=\u00a0\u00bbIl est assez simple de prendre votre rendez-vous en ligne.\u00a0\u00bb font_container=\u00a0\u00bbtag:h2|font_size:21px|text_align:left|color:%23000000|line_height:50px\u00a0\u00bb use_theme_fonts=\u00a0\u00bbyes\u00a0\u00bb css_animation=\u00a0\u00bbfadeInRight\u00a0\u00bb][\/vc_column_inner][\/vc_row_inner][vc_row_inner el_class=\u00a0\u00bbcontainer\u00a0\u00bb][vc_column_inner][vc_empty_space height=\u00a0\u00bb130px\u00a0\u00bb][\/vc_column_inner][\/vc_row_inner][\/vc_column][\/vc_row][vc_row el_class=\u00a0\u00bbcontainer\u00a0\u00bb css=\u00a0\u00bb.vc_custom_1720098652000{margin-top: 32px !important;}\u00a0\u00bb][vc_column][vc_tta_tabs style=\u00a0\u00bbflat\u00a0\u00bb shape=\u00a0\u00bbsquare\u00a0\u00bb color=\u00a0\u00bbgreen\u00a0\u00bb spacing=\u00a0\u00bb35&Prime; gap=\u00a0\u00bb35&Prime; alignment=\u00a0\u00bbcenter\u00a0\u00bb active_section=\u00a0\u00bb\u00a0\u00bb el_id=\u00a0\u00bbonline-appointment\u00a0\u00bb][vc_tta_section i_icon_fontawesome=\u00a0\u00bbfar fa-calendar-alt\u00a0\u00bb [&hellip;]<\/p>\n","protected":false},"author":4,"featured_media":0,"parent":0,"menu_order":0,"comment_status":"closed","ping_status":"closed","template":"page-full-width.php","meta":{"footnotes":""},"class_list":["post-1140","page","type-page","status-publish","hentry"],"yoast_head":"<!-- This site is optimized with the Yoast SEO Premium plugin v14.9 - https:\/\/yoast.com\/wordpress\/plugins\/seo\/ -->\n<meta name=\"robots\" content=\"index, follow, max-snippet:-1, max-image-preview:large, max-video-preview:-1\" \/>\n<link rel=\"canonical\" href=\"https:\/\/dentist.lu\/fr\/agenda-en-ligne\" \/>\n<meta property=\"og:locale\" content=\"fr_FR\" \/>\n<meta property=\"og:type\" content=\"article\" \/>\n<meta property=\"og:title\" content=\"Agenda en ligne - Dentist.lu\" \/>\n<meta property=\"og:description\" content=\"[vc_row css=\u00a0\u00bb.vc_custom_1587997139020{padding-top: 115px !important;padding-bottom: 50px !important;background-image: url(https:\/\/dentist.lu\/wp-content\/uploads\/2020\/02\/main-img-contactt.jpg?id=289) !important;background-position: center !important;background-repeat: no-repeat !important;background-size: cover !important;}\u00a0\u00bb el_class=\u00a0\u00bb\/slide\u00a0\u00bb][vc_column][vc_empty_space height=\u00a0\u00bb48px\u00a0\u00bb][vc_row_inner el_class=\u00a0\u00bbcontainer\u00a0\u00bb][vc_column_inner][vc_custom_heading text=\u00a0\u00bbEst-ce votre premi\u00e8re r\u00e9servation par DENTIST.LU?\u00a0\u00bb font_container=\u00a0\u00bbtag:h2|font_size:21px|text_align:left|color:%23000000|line_height:50px\u00a0\u00bb use_theme_fonts=\u00a0\u00bbyes\u00a0\u00bb css_animation=\u00a0\u00bbfadeInRight\u00a0\u00bb][vc_custom_heading text=\u00a0\u00bbIl est assez simple de prendre votre rendez-vous en ligne.\u00a0\u00bb font_container=\u00a0\u00bbtag:h2|font_size:21px|text_align:left|color:%23000000|line_height:50px\u00a0\u00bb use_theme_fonts=\u00a0\u00bbyes\u00a0\u00bb css_animation=\u00a0\u00bbfadeInRight\u00a0\u00bb][\/vc_column_inner][\/vc_row_inner][vc_row_inner el_class=\u00a0\u00bbcontainer\u00a0\u00bb][vc_column_inner][vc_empty_space height=\u00a0\u00bb130px\u00a0\u00bb][\/vc_column_inner][\/vc_row_inner][\/vc_column][\/vc_row][vc_row el_class=\u00a0\u00bbcontainer\u00a0\u00bb css=\u00a0\u00bb.vc_custom_1720098652000{margin-top: 32px !important;}\u00a0\u00bb][vc_column][vc_tta_tabs style=\u00a0\u00bbflat\u00a0\u00bb shape=\u00a0\u00bbsquare\u00a0\u00bb color=\u00a0\u00bbgreen\u00a0\u00bb spacing=\u00a0\u00bb35&Prime; gap=\u00a0\u00bb35&Prime; alignment=\u00a0\u00bbcenter\u00a0\u00bb active_section=\u00a0\u00bb\u00a0\u00bb el_id=\u00a0\u00bbonline-appointment\u00a0\u00bb][vc_tta_section i_icon_fontawesome=\u00a0\u00bbfar fa-calendar-alt\u00a0\u00bb [&hellip;]\" \/>\n<meta property=\"og:url\" content=\"https:\/\/dentist.lu\/fr\/agenda-en-ligne\" \/>\n<meta property=\"og:site_name\" content=\"Dentist.lu\" \/>\n<meta property=\"article:modified_time\" content=\"2025-09-15T04:16:05+00:00\" \/>\n<meta property=\"og:image\" content=\"https:\/\/dentist.lu\/wp-content\/uploads\/2020\/04\/logo-dentistlu.jpg\" \/>\n\t<meta property=\"og:image:width\" content=\"1777\" \/>\n\t<meta property=\"og:image:height\" content=\"398\" \/>\n<meta name=\"twitter:card\" content=\"summary_large_image\" \/>\n<script type=\"application\/ld+json\" class=\"yoast-schema-graph\">{\"@context\":\"https:\/\/schema.org\",\"@graph\":[{\"@type\":\"Organization\",\"@id\":\"https:\/\/dentist.lu\/fr\/#organization\",\"name\":\"Dentist.lu\",\"url\":\"https:\/\/dentist.lu\/fr\/\",\"sameAs\":[],\"logo\":{\"@type\":\"ImageObject\",\"@id\":\"https:\/\/dentist.lu\/fr\/#logo\",\"inLanguage\":\"fr-FR\",\"url\":\"https:\/\/dentist.lu\/wp-content\/uploads\/2020\/04\/logo-dentistlu.jpg\",\"width\":1777,\"height\":398,\"caption\":\"Dentist.lu\"},\"image\":{\"@id\":\"https:\/\/dentist.lu\/fr\/#logo\"}},{\"@type\":\"WebSite\",\"@id\":\"https:\/\/dentist.lu\/fr\/#website\",\"url\":\"https:\/\/dentist.lu\/fr\/\",\"name\":\"Dentist.lu\",\"description\":\"Dr. BIEWER &amp; Dr. KOLB\",\"publisher\":{\"@id\":\"https:\/\/dentist.lu\/fr\/#organization\"},\"potentialAction\":[{\"@type\":\"SearchAction\",\"target\":\"https:\/\/dentist.lu\/fr\/?s={search_term_string}\",\"query-input\":\"required name=search_term_string\"}],\"inLanguage\":\"fr-FR\"},{\"@type\":\"WebPage\",\"@id\":\"https:\/\/dentist.lu\/fr\/agenda-en-ligne#webpage\",\"url\":\"https:\/\/dentist.lu\/fr\/agenda-en-ligne\",\"name\":\"Agenda en ligne - Dentist.lu\",\"isPartOf\":{\"@id\":\"https:\/\/dentist.lu\/fr\/#website\"},\"datePublished\":\"2020-04-27T15:28:54+00:00\",\"dateModified\":\"2025-09-15T04:16:05+00:00\",\"inLanguage\":\"fr-FR\",\"potentialAction\":[{\"@type\":\"ReadAction\",\"target\":[\"https:\/\/dentist.lu\/fr\/agenda-en-ligne\"]}]}]}<\/script>\n<!-- \/ Yoast SEO Premium plugin. -->","_links":{"self":[{"href":"https:\/\/dentist.lu\/fr\/wp-json\/wp\/v2\/pages\/1140","targetHints":{"allow":["GET"]}}],"collection":[{"href":"https:\/\/dentist.lu\/fr\/wp-json\/wp\/v2\/pages"}],"about":[{"href":"https:\/\/dentist.lu\/fr\/wp-json\/wp\/v2\/types\/page"}],"author":[{"embeddable":true,"href":"https:\/\/dentist.lu\/fr\/wp-json\/wp\/v2\/users\/4"}],"replies":[{"embeddable":true,"href":"https:\/\/dentist.lu\/fr\/wp-json\/wp\/v2\/comments?post=1140"}],"version-history":[{"count":13,"href":"https:\/\/dentist.lu\/fr\/wp-json\/wp\/v2\/pages\/1140\/revisions"}],"predecessor-version":[{"id":13699,"href":"https:\/\/dentist.lu\/fr\/wp-json\/wp\/v2\/pages\/1140\/revisions\/13699"}],"wp:attachment":[{"href":"https:\/\/dentist.lu\/fr\/wp-json\/wp\/v2\/media?parent=1140"}],"curies":[{"name":"wp","href":"https:\/\/api.w.org\/{rel}","templated":true}]}}