{"id":1183,"date":"2020-04-28T12:26:15","date_gmt":"2020-04-28T10:26:15","guid":{"rendered":"https:\/\/dentist.lu\/cabinet"},"modified":"2020-04-30T15:35:12","modified_gmt":"2020-04-30T13:35:12","slug":"cabinet","status":"publish","type":"page","link":"https:\/\/dentist.lu\/fr\/cabinet","title":{"rendered":"Cabinet"},"content":{"rendered":"<p>[vc_row content_placement=\u00a0\u00bbmiddle\u00a0\u00bb el_class=\u00a0\u00bbmain-img\u00a0\u00bb css=\u00a0\u00bb.vc_custom_1585481221744{background-image: url(https:\/\/dentist.lu\/wp-content\/uploads\/2020\/03\/Dentist_lu-Praxis_AdobeStock_91958157.jpg?id=608) !important;}\u00a0\u00bb][vc_column][vc_row_inner el_class=\u00a0\u00bbcontainer\u00a0\u00bb][vc_column_inner][vc_custom_heading text=\u00a0\u00bbS\u00c9CURIT\u00c9 ET FIABILIT\u00c9\u00a0\u00bb font_container=\u00a0\u00bbtag:h2|font_size:25px|text_align:left|color:%23000000|line_height:38px\u00a0\u00bb use_theme_fonts=\u00a0\u00bbyes\u00a0\u00bb css_animation=\u00a0\u00bbfadeInRight\u00a0\u00bb][vc_custom_heading text=\u00a0\u00bbCONFIANCE ET TRANSPARENCE\u00a0\u00bb font_container=\u00a0\u00bbtag:h2|font_size:25px|text_align:left|color:%23000000|line_height:38px\u00a0\u00bb use_theme_fonts=\u00a0\u00bbyes\u00a0\u00bb css_animation=\u00a0\u00bbfadeInRight\u00a0\u00bb][\/vc_column_inner][\/vc_row_inner][\/vc_column][\/vc_row][vc_row css_animation=\u00a0\u00bbfadeInUp\u00a0\u00bb el_class=\u00a0\u00bbcontainer\u00a0\u00bb][vc_column][vc_custom_heading text=\u00a0\u00bbNous prenons beaucoup de temps pour \u00e9tablir un diagnostic et planifier le traitement avec soin\u00a0\u00bb font_container=\u00a0\u00bbtag:h3|font_size:14px|text_align:left|line_height:40px\u00a0\u00bb use_theme_fonts=\u00a0\u00bbyes\u00a0\u00bb][vc_column_text]<\/p>\n<p style=\"text-align: justify;\">Diagnostic complet avec les m\u00e9thodes les plus modernes &#8211; restauration conservatrice, \u00e9tape par \u00e9tape, de la situation dentaire \u00e0 partir de la base &#8211; traitement indolore bas\u00e9 sur les derni\u00e8res d\u00e9couvertes scientifiques &#8211; durabilit\u00e9 gr\u00e2ce \u00e0 un suivi individuel.<\/p>\n<p>[\/vc_column_text][vc_empty_space height=\u00a0\u00bb30px\u00a0\u00bb][vc_custom_heading text=\u00a0\u00bbComp\u00e9tence et exp\u00e9rience dans tous les domaines\u00a0\u00bb font_container=\u00a0\u00bbtag:h3|font_size:14px|text_align:left|line_height:40px\u00a0\u00bb use_theme_fonts=\u00a0\u00bbyes\u00a0\u00bb][vc_column_text]<\/p>\n<p style=\"text-align: justify;\">Nous veillons \u00e0 ce que vous les rendez-vous soient pris dans les meilleurs d\u00e9lais et \u00e0 ce que votre traitement se d\u00e9roule sans encombre. Avec beaucoup de joie et de passion pour la m\u00e9decine dentaire, nous cr\u00e9ons une atmosph\u00e8re agr\u00e9able dans laquelle vous pouvez vous sentir bien soign\u00e9.<\/p>\n<p>[\/vc_column_text][vc_empty_space height=\u00a0\u00bb30px\u00a0\u00bb][vc_custom_heading text=\u00a0\u00bbPlanification intensive et mise en \u0153uvre professionnelle\u00a0\u00bb font_container=\u00a0\u00bbtag:h3|font_size:14px|text_align:left|line_height:40px\u00a0\u00bb use_theme_fonts=\u00a0\u00bbyes\u00a0\u00bb][vc_column_text]<br \/>\nGr\u00e2ce \u00e0 notre concept de traitement complet et personnalis\u00e9, vous recevrez non seulement un plan de traitement et de co\u00fbts fiable, mais aussi un calendrier d\u00e9taill\u00e9.<\/p>\n<p style=\"text-align: justify;\">Seules des dents saines et une cavit\u00e9 buccale intacte peuvent garantir la durabilit\u00e9 de la proth\u00e8se \u00e0 long terme. Une fois que toutes les \u00e9tapes du traitement ont \u00e9t\u00e9 franchies et que l&rsquo;objectif de la th\u00e9rapie a \u00e9t\u00e9 atteint avec succ\u00e8s, nous vous proposerons des rendez-vous de contr\u00f4le r\u00e9guliers. Gr\u00e2ce \u00e0 ces contr\u00f4les p\u00e9riodiques, vous pouvez toujours \u00eatre s\u00fbr que votre sant\u00e9 bucco-dentaire est maintenue.<\/p>\n<p>[\/vc_column_text][vc_empty_space height=\u00a0\u00bb30px\u00a0\u00bb][\/vc_column][\/vc_row][vc_row el_class=\u00a0\u00bbcontainer\u00a0\u00bb][vc_column][vc_media_grid element_width=\u00a0\u00bb3&Prime; grid_id=\u00a0\u00bbvc_gid:1588020051270-7067452c-449b-9&Prime; include=\u00a0\u00bb1156,1159,1162,1165&Prime;][vc_empty_space height=\u00a0\u00bb40px\u00a0\u00bb][\/vc_column][\/vc_row]<\/p>\n","protected":false},"excerpt":{"rendered":"<p>[vc_row content_placement=\u00a0\u00bbmiddle\u00a0\u00bb el_class=\u00a0\u00bbmain-img\u00a0\u00bb css=\u00a0\u00bb.vc_custom_1585481221744{background-image: url(https:\/\/dentist.lu\/wp-content\/uploads\/2020\/03\/Dentist_lu-Praxis_AdobeStock_91958157.jpg?id=608) !important;}\u00a0\u00bb][vc_column][vc_row_inner el_class=\u00a0\u00bbcontainer\u00a0\u00bb][vc_column_inner][vc_custom_heading text=\u00a0\u00bbS\u00c9CURIT\u00c9 ET FIABILIT\u00c9\u00a0\u00bb font_container=\u00a0\u00bbtag:h2|font_size:25px|text_align:left|color:%23000000|line_height:38px\u00a0\u00bb use_theme_fonts=\u00a0\u00bbyes\u00a0\u00bb css_animation=\u00a0\u00bbfadeInRight\u00a0\u00bb][vc_custom_heading text=\u00a0\u00bbCONFIANCE ET TRANSPARENCE\u00a0\u00bb font_container=\u00a0\u00bbtag:h2|font_size:25px|text_align:left|color:%23000000|line_height:38px\u00a0\u00bb use_theme_fonts=\u00a0\u00bbyes\u00a0\u00bb css_animation=\u00a0\u00bbfadeInRight\u00a0\u00bb][\/vc_column_inner][\/vc_row_inner][\/vc_column][\/vc_row][vc_row css_animation=\u00a0\u00bbfadeInUp\u00a0\u00bb el_class=\u00a0\u00bbcontainer\u00a0\u00bb][vc_column][vc_custom_heading text=\u00a0\u00bbNous prenons beaucoup de temps pour \u00e9tablir un diagnostic et planifier le traitement avec soin\u00a0\u00bb font_container=\u00a0\u00bbtag:h3|font_size:14px|text_align:left|line_height:40px\u00a0\u00bb use_theme_fonts=\u00a0\u00bbyes\u00a0\u00bb][vc_column_text] Diagnostic complet avec les m\u00e9thodes les plus modernes &#8211; restauration conservatrice, \u00e9tape par \u00e9tape, de la situation [&hellip;]<\/p>\n","protected":false},"author":4,"featured_media":0,"parent":0,"menu_order":0,"comment_status":"closed","ping_status":"closed","template":"page-full-width.php","meta":{"footnotes":""},"class_list":["post-1183","page","type-page","status-publish","hentry"],"yoast_head":"<!-- This site is optimized with the Yoast SEO Premium plugin v14.9 - https:\/\/yoast.com\/wordpress\/plugins\/seo\/ -->\n<meta name=\"description\" content=\"Stets stehen Sie als Mensch bei uns im Vordergrund! Bei uns erwarten Sie hochwertige Leistungen &amp; individueller Service. Tel +352 312989 Mamer\" \/>\n<meta name=\"robots\" content=\"index, follow, max-snippet:-1, max-image-preview:large, max-video-preview:-1\" \/>\n<link rel=\"canonical\" href=\"https:\/\/dentist.lu\/fr\/cabinet\" \/>\n<meta property=\"og:locale\" content=\"fr_FR\" \/>\n<meta property=\"og:type\" content=\"article\" \/>\n<meta property=\"og:title\" content=\"Cabinet - Dentist.lu\" \/>\n<meta property=\"og:description\" content=\"Stets stehen Sie als Mensch bei uns im Vordergrund! Bei uns erwarten Sie hochwertige Leistungen &amp; individueller Service. Tel +352 312989 Mamer\" \/>\n<meta property=\"og:url\" content=\"https:\/\/dentist.lu\/fr\/cabinet\" \/>\n<meta property=\"og:site_name\" content=\"Dentist.lu\" \/>\n<meta property=\"article:modified_time\" content=\"2020-04-30T13:35:12+00:00\" \/>\n<meta property=\"og:image\" content=\"https:\/\/dentist.lu\/wp-content\/uploads\/2020\/04\/logo-dentistlu.jpg\" \/>\n\t<meta property=\"og:image:width\" content=\"1777\" \/>\n\t<meta property=\"og:image:height\" content=\"398\" \/>\n<meta name=\"twitter:card\" content=\"summary_large_image\" \/>\n<script type=\"application\/ld+json\" class=\"yoast-schema-graph\">{\"@context\":\"https:\/\/schema.org\",\"@graph\":[{\"@type\":\"Organization\",\"@id\":\"https:\/\/dentist.lu\/fr\/#organization\",\"name\":\"Dentist.lu\",\"url\":\"https:\/\/dentist.lu\/fr\/\",\"sameAs\":[],\"logo\":{\"@type\":\"ImageObject\",\"@id\":\"https:\/\/dentist.lu\/fr\/#logo\",\"inLanguage\":\"fr-FR\",\"url\":\"https:\/\/dentist.lu\/wp-content\/uploads\/2020\/04\/logo-dentistlu.jpg\",\"width\":1777,\"height\":398,\"caption\":\"Dentist.lu\"},\"image\":{\"@id\":\"https:\/\/dentist.lu\/fr\/#logo\"}},{\"@type\":\"WebSite\",\"@id\":\"https:\/\/dentist.lu\/fr\/#website\",\"url\":\"https:\/\/dentist.lu\/fr\/\",\"name\":\"Dentist.lu\",\"description\":\"Dr. BIEWER &amp; Dr. KOLB\",\"publisher\":{\"@id\":\"https:\/\/dentist.lu\/fr\/#organization\"},\"potentialAction\":[{\"@type\":\"SearchAction\",\"target\":\"https:\/\/dentist.lu\/fr\/?s={search_term_string}\",\"query-input\":\"required name=search_term_string\"}],\"inLanguage\":\"fr-FR\"},{\"@type\":\"WebPage\",\"@id\":\"https:\/\/dentist.lu\/fr\/cabinet#webpage\",\"url\":\"https:\/\/dentist.lu\/fr\/cabinet\",\"name\":\"Cabinet - Dentist.lu\",\"isPartOf\":{\"@id\":\"https:\/\/dentist.lu\/fr\/#website\"},\"datePublished\":\"2020-04-28T10:26:15+00:00\",\"dateModified\":\"2020-04-30T13:35:12+00:00\",\"description\":\"Stets stehen Sie als Mensch bei uns im Vordergrund! Bei uns erwarten Sie hochwertige Leistungen & individueller Service. Tel +352 312989 Mamer\",\"inLanguage\":\"fr-FR\",\"potentialAction\":[{\"@type\":\"ReadAction\",\"target\":[\"https:\/\/dentist.lu\/fr\/cabinet\"]}]}]}<\/script>\n<!-- \/ Yoast SEO Premium plugin. -->","_links":{"self":[{"href":"https:\/\/dentist.lu\/fr\/wp-json\/wp\/v2\/pages\/1183","targetHints":{"allow":["GET"]}}],"collection":[{"href":"https:\/\/dentist.lu\/fr\/wp-json\/wp\/v2\/pages"}],"about":[{"href":"https:\/\/dentist.lu\/fr\/wp-json\/wp\/v2\/types\/page"}],"author":[{"embeddable":true,"href":"https:\/\/dentist.lu\/fr\/wp-json\/wp\/v2\/users\/4"}],"replies":[{"embeddable":true,"href":"https:\/\/dentist.lu\/fr\/wp-json\/wp\/v2\/comments?post=1183"}],"version-history":[{"count":1,"href":"https:\/\/dentist.lu\/fr\/wp-json\/wp\/v2\/pages\/1183\/revisions"}],"predecessor-version":[{"id":1184,"href":"https:\/\/dentist.lu\/fr\/wp-json\/wp\/v2\/pages\/1183\/revisions\/1184"}],"wp:attachment":[{"href":"https:\/\/dentist.lu\/fr\/wp-json\/wp\/v2\/media?parent=1183"}],"curies":[{"name":"wp","href":"https:\/\/api.w.org\/{rel}","templated":true}]}}