{"id":718,"date":"2020-04-19T22:49:31","date_gmt":"2020-04-19T20:49:31","guid":{"rendered":"https:\/\/dentist.lu\/medecine-dentaire-esthetique"},"modified":"2020-04-30T20:20:20","modified_gmt":"2020-04-30T18:20:20","slug":"esthetique","status":"publish","type":"page","link":"https:\/\/dentist.lu\/fr\/esthetique","title":{"rendered":"Esth\u00e9tique"},"content":{"rendered":"<p>[vc_row content_placement=\u00a0\u00bbbottom\u00a0\u00bb el_class=\u00a0\u00bbmain-img\u00a0\u00bb css=\u00a0\u00bb.vc_custom_1585481625140{background-image: url(https:\/\/dentist.lu\/wp-content\/uploads\/2020\/03\/Dentist_lu-Leistungen-Aesthetische-zahnmedizin_AdobeStock_95569455.jpg?id=613) !important;}\u00a0\u00bb][vc_column][\/vc_column][\/vc_row][vc_row el_class=\u00a0\u00bbcontainer\u00a0\u00bb][vc_column][vc_row_inner css=\u00a0\u00bb.vc_custom_1582218776090{margin-bottom: 25px !important;}\u00a0\u00bb][vc_column_inner][vc_custom_heading text=\u00a0\u00bbM\u00c9DECINE DENTAIRE ESTH\u00c9TIQUE\u00a0\u00bb use_theme_fonts=\u00a0\u00bbyes\u00a0\u00bb el_class=\u00a0\u00bbH2-Leistungen\u00a0\u00bb][vc_custom_heading text=\u00a0\u00bbL&rsquo;ESTH\u00c9TIQUE PURE ET LE BON SENTIMENT DE POUVOIR MONTRER SON PLUS BEAU SOURIRE\u00a0\u00bb font_container=\u00a0\u00bbtag:h3|text_align:left\u00a0\u00bb use_theme_fonts=\u00a0\u00bbyes\u00a0\u00bb el_class=\u00a0\u00bbH3-Leistungen\u00a0\u00bb][vc_column_text]<\/p>\n<p style=\"text-align: justify;\">Nous cr\u00e9ons des solutions parfaitement form\u00e9es, harmonieuses et individuelles pour les plus hautes exigences en mati\u00e8re d&rsquo;esth\u00e9tique et de charisme. Nous attachons une importance particuli\u00e8re \u00e0 la qualit\u00e9 du mat\u00e9riel. Pour nos solutions esth\u00e9tiques, qui sont non seulement belles mais qui r\u00e9pondent \u00e9galement aux normes de qualit\u00e9 les plus \u00e9lev\u00e9es, nous faisons confiance \u00e0 des partenaires sp\u00e9cialis\u00e9s qui allient un savoir-faire professionnel \u00e0 des techniques innovantes.<\/p>\n<p style=\"text-align: justify;\"><strong>Blanchiment<\/strong> &#8211; <em>le blanchiment doux pour des dents \u00e9clatantes<\/em>, <em>s\u00fbr, efficace et rapide avec des r\u00e9sultats blancs durables<\/em><\/p>\n<p style=\"text-align: justify;\">Si vous voulez vous d\u00e9barrasser de la couleur disgracieuse et des taches sur vos dents, vous \u00eates au bon endroit ! L&rsquo;ensemble du processus de blanchiment dans le fauteuil dentaire, y compris la pr\u00e9paration, peut prendre jusqu&rsquo;\u00e0 deux heures. Cette proc\u00e9dure s&rsquo;est av\u00e9r\u00e9e s\u00fbre, efficace, confortable et rapide et n&rsquo;est pratiqu\u00e9e que par des hygi\u00e9nistes dentaires professionnels.<\/p>\n<p style=\"text-align: justify;\"><strong>Facettes<\/strong>\u00a0&#8211; <em>am\u00e9liorez votre sourire gr\u00e2ce \u00e0 des facettes c\u00e9ramiques ultrafines<\/em><\/p>\n<p style=\"text-align: justify;\">Les facettes en c\u00e9ramique sont des lamin\u00e9s ultrafins qui sont coll\u00e9s sur la partie avant de la dent pour cr\u00e9er un sourire d&rsquo;apparence jeune et naturelle. Avec les facettes, vous pouvez am\u00e9liorer la taille, la forme, la couleur et la position de vos dents. Les facettes permettent d&rsquo;\u00e9liminer les d\u00e9colorations dentaires qui ne peuvent \u00eatre corrig\u00e9es par le blanchiment. Des dents de travers ou de forme irr\u00e9guli\u00e8re, des dents cass\u00e9es ou us\u00e9es, des espaces interdentaires et des d\u00e9salignements dentaires mineurs peuvent \u00eatre transform\u00e9s en un aspect esth\u00e9tique gr\u00e2ce aux facettes.<\/p>\n<p>[\/vc_column_text][\/vc_column_inner][\/vc_row_inner][\/vc_column][\/vc_row]<\/p>\n","protected":false},"excerpt":{"rendered":"<p>[vc_row content_placement=\u00a0\u00bbbottom\u00a0\u00bb el_class=\u00a0\u00bbmain-img\u00a0\u00bb css=\u00a0\u00bb.vc_custom_1585481625140{background-image: url(https:\/\/dentist.lu\/wp-content\/uploads\/2020\/03\/Dentist_lu-Leistungen-Aesthetische-zahnmedizin_AdobeStock_95569455.jpg?id=613) !important;}\u00a0\u00bb][vc_column][\/vc_column][\/vc_row][vc_row el_class=\u00a0\u00bbcontainer\u00a0\u00bb][vc_column][vc_row_inner css=\u00a0\u00bb.vc_custom_1582218776090{margin-bottom: 25px !important;}\u00a0\u00bb][vc_column_inner][vc_custom_heading text=\u00a0\u00bbM\u00c9DECINE DENTAIRE ESTH\u00c9TIQUE\u00a0\u00bb use_theme_fonts=\u00a0\u00bbyes\u00a0\u00bb el_class=\u00a0\u00bbH2-Leistungen\u00a0\u00bb][vc_custom_heading text=\u00a0\u00bbL&rsquo;ESTH\u00c9TIQUE PURE ET LE BON SENTIMENT DE POUVOIR MONTRER SON PLUS BEAU SOURIRE\u00a0\u00bb font_container=\u00a0\u00bbtag:h3|text_align:left\u00a0\u00bb use_theme_fonts=\u00a0\u00bbyes\u00a0\u00bb el_class=\u00a0\u00bbH3-Leistungen\u00a0\u00bb][vc_column_text] Nous cr\u00e9ons des solutions parfaitement form\u00e9es, harmonieuses et individuelles pour les plus hautes exigences en mati\u00e8re d&rsquo;esth\u00e9tique et de charisme. Nous attachons une importance [&hellip;]<\/p>\n","protected":false},"author":4,"featured_media":0,"parent":0,"menu_order":1,"comment_status":"closed","ping_status":"closed","template":"page-full-width.php","meta":{"footnotes":""},"class_list":["post-718","page","type-page","status-publish","hentry"],"yoast_head":"<!-- This site is optimized with the Yoast SEO Premium plugin v14.9 - https:\/\/yoast.com\/wordpress\/plugins\/seo\/ -->\n<meta name=\"description\" content=\"Lassen Sie Ihre Z\u00e4hne wieder in reinem Wei\u00df erstrahlen \u2013 dank Bleaching in unserer Praxis in Mamer. ... Z\u00e4hne bleichen bei dentist.lu!\" \/>\n<meta name=\"robots\" content=\"index, follow, max-snippet:-1, max-image-preview:large, max-video-preview:-1\" \/>\n<link rel=\"canonical\" href=\"https:\/\/dentist.lu\/fr\/esthetique\" \/>\n<meta property=\"og:locale\" content=\"fr_FR\" \/>\n<meta property=\"og:type\" content=\"article\" \/>\n<meta property=\"og:title\" content=\"Esth\u00e9tique - Dentist.lu\" \/>\n<meta property=\"og:description\" content=\"Lassen Sie Ihre Z\u00e4hne wieder in reinem Wei\u00df erstrahlen \u2013 dank Bleaching in unserer Praxis in Mamer. ... Z\u00e4hne bleichen bei dentist.lu!\" \/>\n<meta property=\"og:url\" content=\"https:\/\/dentist.lu\/fr\/esthetique\" \/>\n<meta property=\"og:site_name\" content=\"Dentist.lu\" \/>\n<meta property=\"article:modified_time\" content=\"2020-04-30T18:20:20+00:00\" \/>\n<meta property=\"og:image\" content=\"https:\/\/dentist.lu\/wp-content\/uploads\/2020\/04\/logo-dentistlu.jpg\" \/>\n\t<meta property=\"og:image:width\" content=\"1777\" \/>\n\t<meta property=\"og:image:height\" content=\"398\" \/>\n<meta name=\"twitter:card\" content=\"summary_large_image\" \/>\n<script type=\"application\/ld+json\" class=\"yoast-schema-graph\">{\"@context\":\"https:\/\/schema.org\",\"@graph\":[{\"@type\":\"Organization\",\"@id\":\"https:\/\/dentist.lu\/fr\/#organization\",\"name\":\"Dentist.lu\",\"url\":\"https:\/\/dentist.lu\/fr\/\",\"sameAs\":[],\"logo\":{\"@type\":\"ImageObject\",\"@id\":\"https:\/\/dentist.lu\/fr\/#logo\",\"inLanguage\":\"fr-FR\",\"url\":\"https:\/\/dentist.lu\/wp-content\/uploads\/2020\/04\/logo-dentistlu.jpg\",\"width\":1777,\"height\":398,\"caption\":\"Dentist.lu\"},\"image\":{\"@id\":\"https:\/\/dentist.lu\/fr\/#logo\"}},{\"@type\":\"WebSite\",\"@id\":\"https:\/\/dentist.lu\/fr\/#website\",\"url\":\"https:\/\/dentist.lu\/fr\/\",\"name\":\"Dentist.lu\",\"description\":\"Dr. BIEWER &amp; Dr. KOLB\",\"publisher\":{\"@id\":\"https:\/\/dentist.lu\/fr\/#organization\"},\"potentialAction\":[{\"@type\":\"SearchAction\",\"target\":\"https:\/\/dentist.lu\/fr\/?s={search_term_string}\",\"query-input\":\"required name=search_term_string\"}],\"inLanguage\":\"fr-FR\"},{\"@type\":\"WebPage\",\"@id\":\"https:\/\/dentist.lu\/fr\/esthetique#webpage\",\"url\":\"https:\/\/dentist.lu\/fr\/esthetique\",\"name\":\"Esth\\u00e9tique - Dentist.lu\",\"isPartOf\":{\"@id\":\"https:\/\/dentist.lu\/fr\/#website\"},\"datePublished\":\"2020-04-19T20:49:31+00:00\",\"dateModified\":\"2020-04-30T18:20:20+00:00\",\"description\":\"Lassen Sie Ihre Z\\u00e4hne wieder in reinem Wei\\u00df erstrahlen \\u2013 dank Bleaching in unserer Praxis in Mamer. ... Z\\u00e4hne bleichen bei dentist.lu!\",\"inLanguage\":\"fr-FR\",\"potentialAction\":[{\"@type\":\"ReadAction\",\"target\":[\"https:\/\/dentist.lu\/fr\/esthetique\"]}]}]}<\/script>\n<!-- \/ Yoast SEO Premium plugin. -->","_links":{"self":[{"href":"https:\/\/dentist.lu\/fr\/wp-json\/wp\/v2\/pages\/718","targetHints":{"allow":["GET"]}}],"collection":[{"href":"https:\/\/dentist.lu\/fr\/wp-json\/wp\/v2\/pages"}],"about":[{"href":"https:\/\/dentist.lu\/fr\/wp-json\/wp\/v2\/types\/page"}],"author":[{"embeddable":true,"href":"https:\/\/dentist.lu\/fr\/wp-json\/wp\/v2\/users\/4"}],"replies":[{"embeddable":true,"href":"https:\/\/dentist.lu\/fr\/wp-json\/wp\/v2\/comments?post=718"}],"version-history":[{"count":9,"href":"https:\/\/dentist.lu\/fr\/wp-json\/wp\/v2\/pages\/718\/revisions"}],"predecessor-version":[{"id":1320,"href":"https:\/\/dentist.lu\/fr\/wp-json\/wp\/v2\/pages\/718\/revisions\/1320"}],"wp:attachment":[{"href":"https:\/\/dentist.lu\/fr\/wp-json\/wp\/v2\/media?parent=718"}],"curies":[{"name":"wp","href":"https:\/\/api.w.org\/{rel}","templated":true}]}}