{"id":720,"date":"2020-04-19T22:52:15","date_gmt":"2020-04-19T20:52:15","guid":{"rendered":"https:\/\/dentist.lu\/implantologie"},"modified":"2020-04-30T20:58:46","modified_gmt":"2020-04-30T18:58:46","slug":"implantologie","status":"publish","type":"page","link":"https:\/\/dentist.lu\/fr\/implantologie","title":{"rendered":"Implantologie"},"content":{"rendered":"<p>[vc_row content_placement=\u00a0\u00bbbottom\u00a0\u00bb el_class=\u00a0\u00bbmain-img\u00a0\u00bb css=\u00a0\u00bb.vc_custom_1585328058871{background-image: url(https:\/\/dentist.lu\/wp-content\/uploads\/2020\/03\/Dentist_lu-Leistungen-Implantology-AdobeStock_27078844.jpg?id=535) !important;}\u00a0\u00bb][vc_column][\/vc_column][\/vc_row][vc_row el_id=\u00a0\u00bbimlantologie\u00a0\u00bb el_class=\u00a0\u00bbcontainer\u00a0\u00bb][vc_column][vc_row_inner css=\u00a0\u00bb.vc_custom_1582219018318{margin-bottom: 25px !important;}\u00a0\u00bb][vc_column_inner][vc_custom_heading text=\u00a0\u00bbIMPLANTOLOGIE\u00a0\u00bb use_theme_fonts=\u00a0\u00bbyes\u00a0\u00bb el_class=\u00a0\u00bbH2-Leistungen\u00a0\u00bb][vc_custom_heading text=\u00a0\u00bbINVESTISSEZ DANS UNE MEILLEURE QUALIT\u00c9 DE VIE\u00a0\u00bb font_container=\u00a0\u00bbtag:h3|text_align:left\u00a0\u00bb use_theme_fonts=\u00a0\u00bbyes\u00a0\u00bb el_class=\u00a0\u00bbH3-Leistungen\u00a0\u00bb][vc_column_text]<\/p>\n<p style=\"text-align: justify;\">Les implants dentaires sont le remplacement le plus efficace des racines des dents manquantes et sont con\u00e7us pour durer toute la vie. Parce qu&rsquo;ils se soudent \u00e0 l&rsquo;os de la m\u00e2choire et ne sont pas visibles apr\u00e8s l&rsquo;op\u00e9ration, les implants dentaires sont les dents les plus proches des dents saines et naturelles.<\/p>\n<p style=\"text-align: justify;\">Les implants sont une option id\u00e9ale pour les espaces d&rsquo;une seule dent afin d&rsquo;obtenir une rang\u00e9e de dents quasiment parfaitement ferm\u00e9e, esth\u00e9tique et fonctionnelle, sans avoir \u00e0 meuler les dents saines voisines. M\u00eame dans le cas de plus rands espaces entre les dents, les implants offrent une tenue fiable et emp\u00eachent la r\u00e9sorption osseuse.<\/p>\n<p style=\"text-align: justify;\">Les m\u00e2choires \u00e9dent\u00e9es peuvent facilement \u00eatre dot\u00e9es d&rsquo;implants pour des rang\u00e9es compl\u00e8tes de dents solidement ancr\u00e9es dans la m\u00e2choire sup\u00e9rieure et inf\u00e9rieure.<\/p>\n<p style=\"text-align: justify;\">En tant que sp\u00e9cialistes de l&rsquo;implantologie avec une expertise en chirurgie orale, nous utilisons pour vous des technologies de pointe et des m\u00e9thodes \u00e9prouv\u00e9es et modernes. De la consultation et de l&rsquo;anamn\u00e8se, du diagnostic pr\u00e9cis et de la planification des implants \u00e0 la pose d&rsquo;implants guid\u00e9e et au suivi personnel &#8211; nous sommes \u00e0 vos c\u00f4t\u00e9s gr\u00e2ce \u00e0 un savoir-faire chirurgical innovant et \u00e0 une longue exp\u00e9rience dentaire.<\/p>\n<p>[\/vc_column_text][\/vc_column_inner][\/vc_row_inner][\/vc_column][\/vc_row]<\/p>\n","protected":false},"excerpt":{"rendered":"<p>[vc_row content_placement=\u00a0\u00bbbottom\u00a0\u00bb el_class=\u00a0\u00bbmain-img\u00a0\u00bb css=\u00a0\u00bb.vc_custom_1585328058871{background-image: url(https:\/\/dentist.lu\/wp-content\/uploads\/2020\/03\/Dentist_lu-Leistungen-Implantology-AdobeStock_27078844.jpg?id=535) !important;}\u00a0\u00bb][vc_column][\/vc_column][\/vc_row][vc_row el_id=\u00a0\u00bbimlantologie\u00a0\u00bb el_class=\u00a0\u00bbcontainer\u00a0\u00bb][vc_column][vc_row_inner css=\u00a0\u00bb.vc_custom_1582219018318{margin-bottom: 25px !important;}\u00a0\u00bb][vc_column_inner][vc_custom_heading text=\u00a0\u00bbIMPLANTOLOGIE\u00a0\u00bb use_theme_fonts=\u00a0\u00bbyes\u00a0\u00bb el_class=\u00a0\u00bbH2-Leistungen\u00a0\u00bb][vc_custom_heading text=\u00a0\u00bbINVESTISSEZ DANS UNE MEILLEURE QUALIT\u00c9 DE VIE\u00a0\u00bb font_container=\u00a0\u00bbtag:h3|text_align:left\u00a0\u00bb use_theme_fonts=\u00a0\u00bbyes\u00a0\u00bb el_class=\u00a0\u00bbH3-Leistungen\u00a0\u00bb][vc_column_text] Les implants dentaires sont le remplacement le plus efficace des racines des dents manquantes et sont con\u00e7us pour durer toute la vie. Parce qu&rsquo;ils se soudent \u00e0 l&rsquo;os de la m\u00e2choire [&hellip;]<\/p>\n","protected":false},"author":4,"featured_media":0,"parent":0,"menu_order":2,"comment_status":"closed","ping_status":"closed","template":"page-full-width.php","meta":{"footnotes":""},"class_list":["post-720","page","type-page","status-publish","hentry"],"yoast_head":"<!-- This site is optimized with the Yoast SEO Premium plugin v14.9 - https:\/\/yoast.com\/wordpress\/plugins\/seo\/ -->\n<meta name=\"robots\" content=\"index, follow, max-snippet:-1, max-image-preview:large, max-video-preview:-1\" \/>\n<link rel=\"canonical\" href=\"https:\/\/dentist.lu\/fr\/implantologie\" \/>\n<meta property=\"og:locale\" content=\"fr_FR\" \/>\n<meta property=\"og:type\" content=\"article\" \/>\n<meta property=\"og:title\" content=\"Implantologie - Dentist.lu\" \/>\n<meta property=\"og:description\" content=\"[vc_row content_placement=\u00a0\u00bbbottom\u00a0\u00bb el_class=\u00a0\u00bbmain-img\u00a0\u00bb css=\u00a0\u00bb.vc_custom_1585328058871{background-image: url(https:\/\/dentist.lu\/wp-content\/uploads\/2020\/03\/Dentist_lu-Leistungen-Implantology-AdobeStock_27078844.jpg?id=535) !important;}\u00a0\u00bb][vc_column][\/vc_column][\/vc_row][vc_row el_id=\u00a0\u00bbimlantologie\u00a0\u00bb el_class=\u00a0\u00bbcontainer\u00a0\u00bb][vc_column][vc_row_inner css=\u00a0\u00bb.vc_custom_1582219018318{margin-bottom: 25px !important;}\u00a0\u00bb][vc_column_inner][vc_custom_heading text=\u00a0\u00bbIMPLANTOLOGIE\u00a0\u00bb use_theme_fonts=\u00a0\u00bbyes\u00a0\u00bb el_class=\u00a0\u00bbH2-Leistungen\u00a0\u00bb][vc_custom_heading text=\u00a0\u00bbINVESTISSEZ DANS UNE MEILLEURE QUALIT\u00c9 DE VIE\u00a0\u00bb font_container=\u00a0\u00bbtag:h3|text_align:left\u00a0\u00bb use_theme_fonts=\u00a0\u00bbyes\u00a0\u00bb el_class=\u00a0\u00bbH3-Leistungen\u00a0\u00bb][vc_column_text] Les implants dentaires sont le remplacement le plus efficace des racines des dents manquantes et sont con\u00e7us pour durer toute la vie. Parce qu&rsquo;ils se soudent \u00e0 l&rsquo;os de la m\u00e2choire [&hellip;]\" \/>\n<meta property=\"og:url\" content=\"https:\/\/dentist.lu\/fr\/implantologie\" \/>\n<meta property=\"og:site_name\" content=\"Dentist.lu\" \/>\n<meta property=\"article:modified_time\" content=\"2020-04-30T18:58:46+00:00\" \/>\n<meta property=\"og:image\" content=\"https:\/\/dentist.lu\/wp-content\/uploads\/2020\/04\/logo-dentistlu.jpg\" \/>\n\t<meta property=\"og:image:width\" content=\"1777\" \/>\n\t<meta property=\"og:image:height\" content=\"398\" \/>\n<meta name=\"twitter:card\" content=\"summary_large_image\" \/>\n<script type=\"application\/ld+json\" class=\"yoast-schema-graph\">{\"@context\":\"https:\/\/schema.org\",\"@graph\":[{\"@type\":\"Organization\",\"@id\":\"https:\/\/dentist.lu\/fr\/#organization\",\"name\":\"Dentist.lu\",\"url\":\"https:\/\/dentist.lu\/fr\/\",\"sameAs\":[],\"logo\":{\"@type\":\"ImageObject\",\"@id\":\"https:\/\/dentist.lu\/fr\/#logo\",\"inLanguage\":\"fr-FR\",\"url\":\"https:\/\/dentist.lu\/wp-content\/uploads\/2020\/04\/logo-dentistlu.jpg\",\"width\":1777,\"height\":398,\"caption\":\"Dentist.lu\"},\"image\":{\"@id\":\"https:\/\/dentist.lu\/fr\/#logo\"}},{\"@type\":\"WebSite\",\"@id\":\"https:\/\/dentist.lu\/fr\/#website\",\"url\":\"https:\/\/dentist.lu\/fr\/\",\"name\":\"Dentist.lu\",\"description\":\"Dr. BIEWER &amp; Dr. KOLB\",\"publisher\":{\"@id\":\"https:\/\/dentist.lu\/fr\/#organization\"},\"potentialAction\":[{\"@type\":\"SearchAction\",\"target\":\"https:\/\/dentist.lu\/fr\/?s={search_term_string}\",\"query-input\":\"required name=search_term_string\"}],\"inLanguage\":\"fr-FR\"},{\"@type\":\"WebPage\",\"@id\":\"https:\/\/dentist.lu\/fr\/implantologie#webpage\",\"url\":\"https:\/\/dentist.lu\/fr\/implantologie\",\"name\":\"Implantologie - Dentist.lu\",\"isPartOf\":{\"@id\":\"https:\/\/dentist.lu\/fr\/#website\"},\"datePublished\":\"2020-04-19T20:52:15+00:00\",\"dateModified\":\"2020-04-30T18:58:46+00:00\",\"inLanguage\":\"fr-FR\",\"potentialAction\":[{\"@type\":\"ReadAction\",\"target\":[\"https:\/\/dentist.lu\/fr\/implantologie\"]}]}]}<\/script>\n<!-- \/ Yoast SEO Premium plugin. -->","_links":{"self":[{"href":"https:\/\/dentist.lu\/fr\/wp-json\/wp\/v2\/pages\/720","targetHints":{"allow":["GET"]}}],"collection":[{"href":"https:\/\/dentist.lu\/fr\/wp-json\/wp\/v2\/pages"}],"about":[{"href":"https:\/\/dentist.lu\/fr\/wp-json\/wp\/v2\/types\/page"}],"author":[{"embeddable":true,"href":"https:\/\/dentist.lu\/fr\/wp-json\/wp\/v2\/users\/4"}],"replies":[{"embeddable":true,"href":"https:\/\/dentist.lu\/fr\/wp-json\/wp\/v2\/comments?post=720"}],"version-history":[{"count":6,"href":"https:\/\/dentist.lu\/fr\/wp-json\/wp\/v2\/pages\/720\/revisions"}],"predecessor-version":[{"id":1324,"href":"https:\/\/dentist.lu\/fr\/wp-json\/wp\/v2\/pages\/720\/revisions\/1324"}],"wp:attachment":[{"href":"https:\/\/dentist.lu\/fr\/wp-json\/wp\/v2\/media?parent=720"}],"curies":[{"name":"wp","href":"https:\/\/api.w.org\/{rel}","templated":true}]}}