{"id":726,"date":"2020-04-19T22:55:22","date_gmt":"2020-04-19T20:55:22","guid":{"rendered":"https:\/\/dentist.lu\/chirurgie-orale"},"modified":"2020-04-30T15:38:23","modified_gmt":"2020-04-30T13:38:23","slug":"chirurgie","status":"publish","type":"page","link":"https:\/\/dentist.lu\/fr\/chirurgie","title":{"rendered":"Chirurgie"},"content":{"rendered":"<p>[vc_row content_placement=\u00a0\u00bbbottom\u00a0\u00bb el_class=\u00a0\u00bbmain-img\u00a0\u00bb css=\u00a0\u00bb.vc_custom_1585409306697{background-image: url(https:\/\/dentist.lu\/wp-content\/uploads\/2020\/03\/Dentist_lu-Leistungen-Oralchirurgie_AdobeStock_64691316-1.jpg?id=527) !important;}\u00a0\u00bb][vc_column][\/vc_column][\/vc_row][vc_row el_id=\u00a0\u00bboralchirurgie\u00a0\u00bb el_class=\u00a0\u00bbcontainer\u00a0\u00bb][vc_column][vc_row_inner equal_height=\u00a0\u00bbyes\u00a0\u00bb content_placement=\u00a0\u00bbmiddle\u00a0\u00bb css=\u00a0\u00bb.vc_custom_1582219130744{margin-bottom: 25px !important;}\u00a0\u00bb][vc_column_inner][vc_custom_heading text=\u00a0\u00bbCHIRURGIE ORALE\u00a0\u00bb use_theme_fonts=\u00a0\u00bbyes\u00a0\u00bb el_class=\u00a0\u00bbH2-Leistungen\u00a0\u00bb][vc_custom_heading text=\u00a0\u00bbUNE LARGE PANOPLIE D&rsquo;OP\u00c9RATIONS AMBULATOIRES DE LA CAVIT\u00c9 BUCCALE ET DE LA M\u00c2CHOIRE\u00a0\u00bb font_container=\u00a0\u00bbtag:h3|text_align:left\u00a0\u00bb use_theme_fonts=\u00a0\u00bbyes\u00a0\u00bb el_class=\u00a0\u00bbH3-Leistungen\u00a0\u00bb][vc_column_text][\/vc_column_text][vc_column_text]<\/p>\n<p style=\"text-align: justify;\">Nous proposons non seulement l&rsquo;implantation mais aussi d&rsquo;autres interventions chirurgicales mineures dans notre cabinet, parmi lesquelles l&rsquo;extraction d&rsquo;une dent de sagesse, l\u2019apicectomie ou encore l\u2019ablation d&rsquo;un kyste. La th\u00e9rapie chirurgicale de la parodontite et de la p\u00e9ri-implantite peut \u00e9galement contribuer \u00e0 obtenir des gencives saines gr\u00e2ce aux proc\u00e9dures microchirurgicales les plus innovatrices.<\/p>\n<p style=\"text-align: justify;\"><strong>la chirurgie esth\u00e9tique parodontale<\/strong><\/p>\n<p style=\"text-align: justify;\">L&rsquo;esth\u00e9tique dentaire ne consiste pas seulement \u00e0 corriger et \u00e0 embellir les dents, mais aussi \u00e0 assurer une interaction harmonieuse entre les dents et les gencives. Des gencives irr\u00e9guli\u00e8res, des collets de dents expos\u00e9s et une perte de gencive peuvent avoir une influence n\u00e9gative sur l&rsquo;impression g\u00e9n\u00e9rale. Dans de nombreux cas, une correction gingivale m\u00e9dicale ou cosm\u00e9tique est donc la voie vers un nouveau sourire radieux.<\/p>\n<p>[\/vc_column_text][\/vc_column_inner][\/vc_row_inner][\/vc_column][\/vc_row]<\/p>\n","protected":false},"excerpt":{"rendered":"<p>[vc_row content_placement=\u00a0\u00bbbottom\u00a0\u00bb el_class=\u00a0\u00bbmain-img\u00a0\u00bb css=\u00a0\u00bb.vc_custom_1585409306697{background-image: url(https:\/\/dentist.lu\/wp-content\/uploads\/2020\/03\/Dentist_lu-Leistungen-Oralchirurgie_AdobeStock_64691316-1.jpg?id=527) !important;}\u00a0\u00bb][vc_column][\/vc_column][\/vc_row][vc_row el_id=\u00a0\u00bboralchirurgie\u00a0\u00bb el_class=\u00a0\u00bbcontainer\u00a0\u00bb][vc_column][vc_row_inner equal_height=\u00a0\u00bbyes\u00a0\u00bb content_placement=\u00a0\u00bbmiddle\u00a0\u00bb css=\u00a0\u00bb.vc_custom_1582219130744{margin-bottom: 25px !important;}\u00a0\u00bb][vc_column_inner][vc_custom_heading text=\u00a0\u00bbCHIRURGIE ORALE\u00a0\u00bb use_theme_fonts=\u00a0\u00bbyes\u00a0\u00bb el_class=\u00a0\u00bbH2-Leistungen\u00a0\u00bb][vc_custom_heading text=\u00a0\u00bbUNE LARGE PANOPLIE D&rsquo;OP\u00c9RATIONS AMBULATOIRES DE LA CAVIT\u00c9 BUCCALE ET DE LA M\u00c2CHOIRE\u00a0\u00bb font_container=\u00a0\u00bbtag:h3|text_align:left\u00a0\u00bb use_theme_fonts=\u00a0\u00bbyes\u00a0\u00bb el_class=\u00a0\u00bbH3-Leistungen\u00a0\u00bb][vc_column_text][\/vc_column_text][vc_column_text] Nous proposons non seulement l&rsquo;implantation mais aussi d&rsquo;autres interventions chirurgicales mineures dans notre cabinet, parmi lesquelles l&rsquo;extraction d&rsquo;une dent de sagesse, l\u2019apicectomie [&hellip;]<\/p>\n","protected":false},"author":4,"featured_media":0,"parent":0,"menu_order":3,"comment_status":"closed","ping_status":"closed","template":"page-full-width.php","meta":{"footnotes":""},"class_list":["post-726","page","type-page","status-publish","hentry"],"yoast_head":"<!-- This site is optimized with the Yoast SEO Premium plugin v14.9 - https:\/\/yoast.com\/wordpress\/plugins\/seo\/ -->\n<meta name=\"description\" content=\"Bei einer notwendigen Verdickung der Knochen im Oberkiefer eignet sich ein Sinuslift, um den sicheren Halt des Implantats zu garantieren. Mehr dazu hier!\" \/>\n<meta name=\"robots\" content=\"index, follow, max-snippet:-1, max-image-preview:large, max-video-preview:-1\" \/>\n<link rel=\"canonical\" href=\"https:\/\/dentist.lu\/fr\/chirurgie\" \/>\n<meta property=\"og:locale\" content=\"fr_FR\" \/>\n<meta property=\"og:type\" content=\"article\" \/>\n<meta property=\"og:title\" content=\"Chirurgie - Dentist.lu\" \/>\n<meta property=\"og:description\" content=\"Bei einer notwendigen Verdickung der Knochen im Oberkiefer eignet sich ein Sinuslift, um den sicheren Halt des Implantats zu garantieren. Mehr dazu hier!\" \/>\n<meta property=\"og:url\" content=\"https:\/\/dentist.lu\/fr\/chirurgie\" \/>\n<meta property=\"og:site_name\" content=\"Dentist.lu\" \/>\n<meta property=\"article:modified_time\" content=\"2020-04-30T13:38:23+00:00\" \/>\n<meta property=\"og:image\" content=\"https:\/\/dentist.lu\/wp-content\/uploads\/2020\/04\/logo-dentistlu.jpg\" \/>\n\t<meta property=\"og:image:width\" content=\"1777\" \/>\n\t<meta property=\"og:image:height\" content=\"398\" \/>\n<meta name=\"twitter:card\" content=\"summary_large_image\" \/>\n<script type=\"application\/ld+json\" class=\"yoast-schema-graph\">{\"@context\":\"https:\/\/schema.org\",\"@graph\":[{\"@type\":\"Organization\",\"@id\":\"https:\/\/dentist.lu\/fr\/#organization\",\"name\":\"Dentist.lu\",\"url\":\"https:\/\/dentist.lu\/fr\/\",\"sameAs\":[],\"logo\":{\"@type\":\"ImageObject\",\"@id\":\"https:\/\/dentist.lu\/fr\/#logo\",\"inLanguage\":\"fr-FR\",\"url\":\"https:\/\/dentist.lu\/wp-content\/uploads\/2020\/04\/logo-dentistlu.jpg\",\"width\":1777,\"height\":398,\"caption\":\"Dentist.lu\"},\"image\":{\"@id\":\"https:\/\/dentist.lu\/fr\/#logo\"}},{\"@type\":\"WebSite\",\"@id\":\"https:\/\/dentist.lu\/fr\/#website\",\"url\":\"https:\/\/dentist.lu\/fr\/\",\"name\":\"Dentist.lu\",\"description\":\"Dr. BIEWER &amp; Dr. KOLB\",\"publisher\":{\"@id\":\"https:\/\/dentist.lu\/fr\/#organization\"},\"potentialAction\":[{\"@type\":\"SearchAction\",\"target\":\"https:\/\/dentist.lu\/fr\/?s={search_term_string}\",\"query-input\":\"required name=search_term_string\"}],\"inLanguage\":\"fr-FR\"},{\"@type\":\"WebPage\",\"@id\":\"https:\/\/dentist.lu\/fr\/chirurgie#webpage\",\"url\":\"https:\/\/dentist.lu\/fr\/chirurgie\",\"name\":\"Chirurgie - Dentist.lu\",\"isPartOf\":{\"@id\":\"https:\/\/dentist.lu\/fr\/#website\"},\"datePublished\":\"2020-04-19T20:55:22+00:00\",\"dateModified\":\"2020-04-30T13:38:23+00:00\",\"description\":\"Bei einer notwendigen Verdickung der Knochen im Oberkiefer eignet sich ein Sinuslift, um den sicheren Halt des Implantats zu garantieren. Mehr dazu hier!\",\"inLanguage\":\"fr-FR\",\"potentialAction\":[{\"@type\":\"ReadAction\",\"target\":[\"https:\/\/dentist.lu\/fr\/chirurgie\"]}]}]}<\/script>\n<!-- \/ Yoast SEO Premium plugin. -->","_links":{"self":[{"href":"https:\/\/dentist.lu\/fr\/wp-json\/wp\/v2\/pages\/726","targetHints":{"allow":["GET"]}}],"collection":[{"href":"https:\/\/dentist.lu\/fr\/wp-json\/wp\/v2\/pages"}],"about":[{"href":"https:\/\/dentist.lu\/fr\/wp-json\/wp\/v2\/types\/page"}],"author":[{"embeddable":true,"href":"https:\/\/dentist.lu\/fr\/wp-json\/wp\/v2\/users\/4"}],"replies":[{"embeddable":true,"href":"https:\/\/dentist.lu\/fr\/wp-json\/wp\/v2\/comments?post=726"}],"version-history":[{"count":8,"href":"https:\/\/dentist.lu\/fr\/wp-json\/wp\/v2\/pages\/726\/revisions"}],"predecessor-version":[{"id":940,"href":"https:\/\/dentist.lu\/fr\/wp-json\/wp\/v2\/pages\/726\/revisions\/940"}],"wp:attachment":[{"href":"https:\/\/dentist.lu\/fr\/wp-json\/wp\/v2\/media?parent=726"}],"curies":[{"name":"wp","href":"https:\/\/api.w.org\/{rel}","templated":true}]}}