{"id":728,"date":"2020-04-19T22:56:31","date_gmt":"2020-04-19T20:56:31","guid":{"rendered":"https:\/\/dentist.lu\/parodontologie"},"modified":"2020-04-30T15:40:34","modified_gmt":"2020-04-30T13:40:34","slug":"parodontologie","status":"publish","type":"page","link":"https:\/\/dentist.lu\/fr\/parodontologie","title":{"rendered":"Parodontologie"},"content":{"rendered":"<p>[vc_row content_placement=\u00a0\u00bbbottom\u00a0\u00bb el_class=\u00a0\u00bbmain-img\u00a0\u00bb css=\u00a0\u00bb.vc_custom_1587333252336{background-image: url(https:\/\/dentist.lu\/wp-content\/uploads\/2020\/02\/Header-Disclaimer-Dentist.jpeg?id=284) !important;}\u00a0\u00bb][vc_column][\/vc_column][\/vc_row][vc_row el_id=\u00a0\u00bbparodontologie\u00a0\u00bb el_class=\u00a0\u00bbcontainer\u00a0\u00bb][vc_column][vc_row_inner css=\u00a0\u00bb.vc_custom_1582219281431{margin-bottom: 25px !important;}\u00a0\u00bb][vc_column_inner][vc_custom_heading text=\u00a0\u00bbPARODONTOLOGIE\u00a0\u00bb use_theme_fonts=\u00a0\u00bbyes\u00a0\u00bb el_class=\u00a0\u00bbH2-Leistungen\u00a0\u00bb][vc_custom_heading text=\u00a0\u00bbPROGRAMME DE TH\u00c9RAPIE INDIVIDUELLE POUR LES MALADIES DES GENCIVES\u00a0\u00bb font_container=\u00a0\u00bbtag:h3|text_align:left\u00a0\u00bb use_theme_fonts=\u00a0\u00bbyes\u00a0\u00bb el_class=\u00a0\u00bbH3-Leistungen\u00a0\u00bb][vc_column_text]<\/p>\n<p style=\"text-align: justify;\">La rougeur et le saignement des gencives ou la mauvaise haleine sont les signes pr\u00e9curseurs. La r\u00e9cession des gencives, le d\u00e9chaussement des dents et enfin la perte des dents menacent le stade avanc\u00e9 de la parodontite. Gr\u00e2ce \u00e0 des concepts de traitement personnalis\u00e9s, nous pouvons vous aider \u00e0 retrouver une haleine fra\u00eeche et des dents saines, dans des gencives saines.<\/p>\n<p>[\/vc_column_text][\/vc_column_inner][\/vc_row_inner][\/vc_column][\/vc_row]<\/p>\n","protected":false},"excerpt":{"rendered":"<p>[vc_row content_placement=\u00a0\u00bbbottom\u00a0\u00bb el_class=\u00a0\u00bbmain-img\u00a0\u00bb css=\u00a0\u00bb.vc_custom_1587333252336{background-image: url(https:\/\/dentist.lu\/wp-content\/uploads\/2020\/02\/Header-Disclaimer-Dentist.jpeg?id=284) !important;}\u00a0\u00bb][vc_column][\/vc_column][\/vc_row][vc_row el_id=\u00a0\u00bbparodontologie\u00a0\u00bb el_class=\u00a0\u00bbcontainer\u00a0\u00bb][vc_column][vc_row_inner css=\u00a0\u00bb.vc_custom_1582219281431{margin-bottom: 25px !important;}\u00a0\u00bb][vc_column_inner][vc_custom_heading text=\u00a0\u00bbPARODONTOLOGIE\u00a0\u00bb use_theme_fonts=\u00a0\u00bbyes\u00a0\u00bb el_class=\u00a0\u00bbH2-Leistungen\u00a0\u00bb][vc_custom_heading text=\u00a0\u00bbPROGRAMME DE TH\u00c9RAPIE INDIVIDUELLE POUR LES MALADIES DES GENCIVES\u00a0\u00bb font_container=\u00a0\u00bbtag:h3|text_align:left\u00a0\u00bb use_theme_fonts=\u00a0\u00bbyes\u00a0\u00bb el_class=\u00a0\u00bbH3-Leistungen\u00a0\u00bb][vc_column_text] La rougeur et le saignement des gencives ou la mauvaise haleine sont les signes pr\u00e9curseurs. La r\u00e9cession des gencives, le d\u00e9chaussement des dents et enfin la perte des dents [&hellip;]<\/p>\n","protected":false},"author":4,"featured_media":0,"parent":0,"menu_order":4,"comment_status":"closed","ping_status":"closed","template":"page-full-width.php","meta":{"footnotes":""},"class_list":["post-728","page","type-page","status-publish","hentry"],"yoast_head":"<!-- This site is optimized with the Yoast SEO Premium plugin v14.9 - https:\/\/yoast.com\/wordpress\/plugins\/seo\/ -->\n<meta name=\"description\" content=\"Wir sind Ihr kompetenter Partner f\u00fcr Parodontologie - Zahnarztpraxis Dr. Biewer &amp; Dr. Kolb MSc. Master of Science. route d&#039;Arlon 8211 Mamer\" \/>\n<meta name=\"robots\" content=\"index, follow, max-snippet:-1, max-image-preview:large, max-video-preview:-1\" \/>\n<link rel=\"canonical\" href=\"https:\/\/dentist.lu\/fr\/parodontologie\" \/>\n<meta property=\"og:locale\" content=\"fr_FR\" \/>\n<meta property=\"og:type\" content=\"article\" \/>\n<meta property=\"og:title\" content=\"Parodontologie - Dentist.lu\" \/>\n<meta property=\"og:description\" content=\"Wir sind Ihr kompetenter Partner f\u00fcr Parodontologie - Zahnarztpraxis Dr. Biewer &amp; Dr. Kolb MSc. Master of Science. route d&#039;Arlon 8211 Mamer\" \/>\n<meta property=\"og:url\" content=\"https:\/\/dentist.lu\/fr\/parodontologie\" \/>\n<meta property=\"og:site_name\" content=\"Dentist.lu\" \/>\n<meta property=\"article:modified_time\" content=\"2020-04-30T13:40:34+00:00\" \/>\n<meta property=\"og:image\" content=\"https:\/\/dentist.lu\/wp-content\/uploads\/2020\/04\/logo-dentistlu.jpg\" \/>\n\t<meta property=\"og:image:width\" content=\"1777\" \/>\n\t<meta property=\"og:image:height\" content=\"398\" \/>\n<meta name=\"twitter:card\" content=\"summary_large_image\" \/>\n<script type=\"application\/ld+json\" class=\"yoast-schema-graph\">{\"@context\":\"https:\/\/schema.org\",\"@graph\":[{\"@type\":\"Organization\",\"@id\":\"https:\/\/dentist.lu\/fr\/#organization\",\"name\":\"Dentist.lu\",\"url\":\"https:\/\/dentist.lu\/fr\/\",\"sameAs\":[],\"logo\":{\"@type\":\"ImageObject\",\"@id\":\"https:\/\/dentist.lu\/fr\/#logo\",\"inLanguage\":\"fr-FR\",\"url\":\"https:\/\/dentist.lu\/wp-content\/uploads\/2020\/04\/logo-dentistlu.jpg\",\"width\":1777,\"height\":398,\"caption\":\"Dentist.lu\"},\"image\":{\"@id\":\"https:\/\/dentist.lu\/fr\/#logo\"}},{\"@type\":\"WebSite\",\"@id\":\"https:\/\/dentist.lu\/fr\/#website\",\"url\":\"https:\/\/dentist.lu\/fr\/\",\"name\":\"Dentist.lu\",\"description\":\"Dr. BIEWER &amp; Dr. KOLB\",\"publisher\":{\"@id\":\"https:\/\/dentist.lu\/fr\/#organization\"},\"potentialAction\":[{\"@type\":\"SearchAction\",\"target\":\"https:\/\/dentist.lu\/fr\/?s={search_term_string}\",\"query-input\":\"required name=search_term_string\"}],\"inLanguage\":\"fr-FR\"},{\"@type\":\"WebPage\",\"@id\":\"https:\/\/dentist.lu\/fr\/parodontologie#webpage\",\"url\":\"https:\/\/dentist.lu\/fr\/parodontologie\",\"name\":\"Parodontologie - Dentist.lu\",\"isPartOf\":{\"@id\":\"https:\/\/dentist.lu\/fr\/#website\"},\"datePublished\":\"2020-04-19T20:56:31+00:00\",\"dateModified\":\"2020-04-30T13:40:34+00:00\",\"description\":\"Wir sind Ihr kompetenter Partner f\\u00fcr Parodontologie - Zahnarztpraxis Dr. Biewer & Dr. Kolb MSc. Master of Science. route d'Arlon 8211 Mamer\",\"inLanguage\":\"fr-FR\",\"potentialAction\":[{\"@type\":\"ReadAction\",\"target\":[\"https:\/\/dentist.lu\/fr\/parodontologie\"]}]}]}<\/script>\n<!-- \/ Yoast SEO Premium plugin. -->","_links":{"self":[{"href":"https:\/\/dentist.lu\/fr\/wp-json\/wp\/v2\/pages\/728","targetHints":{"allow":["GET"]}}],"collection":[{"href":"https:\/\/dentist.lu\/fr\/wp-json\/wp\/v2\/pages"}],"about":[{"href":"https:\/\/dentist.lu\/fr\/wp-json\/wp\/v2\/types\/page"}],"author":[{"embeddable":true,"href":"https:\/\/dentist.lu\/fr\/wp-json\/wp\/v2\/users\/4"}],"replies":[{"embeddable":true,"href":"https:\/\/dentist.lu\/fr\/wp-json\/wp\/v2\/comments?post=728"}],"version-history":[{"count":3,"href":"https:\/\/dentist.lu\/fr\/wp-json\/wp\/v2\/pages\/728\/revisions"}],"predecessor-version":[{"id":941,"href":"https:\/\/dentist.lu\/fr\/wp-json\/wp\/v2\/pages\/728\/revisions\/941"}],"wp:attachment":[{"href":"https:\/\/dentist.lu\/fr\/wp-json\/wp\/v2\/media?parent=728"}],"curies":[{"name":"wp","href":"https:\/\/api.w.org\/{rel}","templated":true}]}}