{"id":732,"date":"2020-04-19T22:58:47","date_gmt":"2020-04-19T20:58:47","guid":{"rendered":"https:\/\/dentist.lu\/dentisterie-conservatrice"},"modified":"2020-04-30T15:42:00","modified_gmt":"2020-04-30T13:42:00","slug":"soins","status":"publish","type":"page","link":"https:\/\/dentist.lu\/fr\/soins","title":{"rendered":"Soins"},"content":{"rendered":"<p>[vc_row content_placement=\u00a0\u00bbbottom\u00a0\u00bb el_class=\u00a0\u00bbmain-img\u00a0\u00bb css=\u00a0\u00bb.vc_custom_1585510893372{background-image: url(https:\/\/dentist.lu\/wp-content\/uploads\/2020\/03\/Dentist_lu-Leistungen-Konservierende-Zahnmedizin_AdobeStock_314973574.jpg?id=622) !important;}\u00a0\u00bb][vc_column][\/vc_column][\/vc_row][vc_row el_id=\u00a0\u00bbkonservierende\u00a0\u00bb el_class=\u00a0\u00bbcontainer\u00a0\u00bb][vc_column][vc_row_inner css=\u00a0\u00bb.vc_custom_1582220433357{margin-bottom: 25px !important;}\u00a0\u00bb][vc_column_inner][vc_custom_heading text=\u00a0\u00bbDENTISTERIE CONSERVATRICE\u00a0\u00bb use_theme_fonts=\u00a0\u00bbyes\u00a0\u00bb el_class=\u00a0\u00bbH2-Leistungen\u00a0\u00bb][vc_custom_heading text=\u00a0\u00bbUNE PROPHYLAXIE ET DES CONTR\u00d4LES R\u00c9GULIERS ET SYST\u00c9MATIQUES &#8211; LA MEILLEURE BASE POUR DES DENTS SAINES\u00a0\u00bb font_container=\u00a0\u00bbtag:h3|text_align:left\u00a0\u00bb use_theme_fonts=\u00a0\u00bbyes\u00a0\u00bb el_class=\u00a0\u00bbH3-Leistungen\u00a0\u00bb][vc_column_text]<\/p>\n<p style=\"text-align: justify;\">Les d\u00e9fauts dentaires mineurs dus \u00e0 des caries ou \u00e0 des traumatismes dans la r\u00e9gion ant\u00e9rieure ou post\u00e9rieure peuvent id\u00e9alement \u00eatre r\u00e9par\u00e9s avec des obturations en plastique conventionnelles (plombage en composite). En cas de d\u00e9fauts importants et de dents trait\u00e9es aux racines, des obturations en c\u00e9ramique (incrustations en c\u00e9ramique) bien ajust\u00e9es sont le meilleur choix.<\/p>\n<p style=\"text-align: justify;\">Restauration des amalgames &#8211; L&rsquo;amalgame n&rsquo;est pas utilis\u00e9 dans notre pratique. Souvent, des fissures sont diagnostiqu\u00e9es dans les vieux plombages en amalgame ou des parties de la dent sont d\u00e9j\u00e0 cass\u00e9es. Le traitement subs\u00e9quent et le remplacement par des plombages de la couleur des dents sont effectu\u00e9s avec les pr\u00e9cautions n\u00e9cessaires.<\/p>\n<p>[\/vc_column_text][\/vc_column_inner][\/vc_row_inner][\/vc_column][\/vc_row]<\/p>\n","protected":false},"excerpt":{"rendered":"<p>[vc_row content_placement=\u00a0\u00bbbottom\u00a0\u00bb el_class=\u00a0\u00bbmain-img\u00a0\u00bb css=\u00a0\u00bb.vc_custom_1585510893372{background-image: url(https:\/\/dentist.lu\/wp-content\/uploads\/2020\/03\/Dentist_lu-Leistungen-Konservierende-Zahnmedizin_AdobeStock_314973574.jpg?id=622) !important;}\u00a0\u00bb][vc_column][\/vc_column][\/vc_row][vc_row el_id=\u00a0\u00bbkonservierende\u00a0\u00bb el_class=\u00a0\u00bbcontainer\u00a0\u00bb][vc_column][vc_row_inner css=\u00a0\u00bb.vc_custom_1582220433357{margin-bottom: 25px !important;}\u00a0\u00bb][vc_column_inner][vc_custom_heading text=\u00a0\u00bbDENTISTERIE CONSERVATRICE\u00a0\u00bb use_theme_fonts=\u00a0\u00bbyes\u00a0\u00bb el_class=\u00a0\u00bbH2-Leistungen\u00a0\u00bb][vc_custom_heading text=\u00a0\u00bbUNE PROPHYLAXIE ET DES CONTR\u00d4LES R\u00c9GULIERS ET SYST\u00c9MATIQUES &#8211; LA MEILLEURE BASE POUR DES DENTS SAINES\u00a0\u00bb font_container=\u00a0\u00bbtag:h3|text_align:left\u00a0\u00bb use_theme_fonts=\u00a0\u00bbyes\u00a0\u00bb el_class=\u00a0\u00bbH3-Leistungen\u00a0\u00bb][vc_column_text] Les d\u00e9fauts dentaires mineurs dus \u00e0 des caries ou \u00e0 des traumatismes dans la r\u00e9gion ant\u00e9rieure ou post\u00e9rieure peuvent id\u00e9alement \u00eatre [&hellip;]<\/p>\n","protected":false},"author":4,"featured_media":0,"parent":0,"menu_order":6,"comment_status":"closed","ping_status":"closed","template":"page-full-width.php","meta":{"footnotes":""},"class_list":["post-732","page","type-page","status-publish","hentry"],"yoast_head":"<!-- This site is optimized with the Yoast SEO Premium plugin v14.9 - https:\/\/yoast.com\/wordpress\/plugins\/seo\/ -->\n<meta name=\"description\" content=\"Bei einer Zahnbehandlung in unserer Praxis in Mamer bieten wir Ihnen eine Vielzahl an M\u00f6glichkeiten in der rekonstruktiven Zahnmedizin.\" \/>\n<meta name=\"robots\" content=\"index, follow, max-snippet:-1, max-image-preview:large, max-video-preview:-1\" \/>\n<link rel=\"canonical\" href=\"https:\/\/dentist.lu\/fr\/soins\" \/>\n<meta property=\"og:locale\" content=\"fr_FR\" \/>\n<meta property=\"og:type\" content=\"article\" \/>\n<meta property=\"og:title\" content=\"Soins - Dentist.lu\" \/>\n<meta property=\"og:description\" content=\"Bei einer Zahnbehandlung in unserer Praxis in Mamer bieten wir Ihnen eine Vielzahl an M\u00f6glichkeiten in der rekonstruktiven Zahnmedizin.\" \/>\n<meta property=\"og:url\" content=\"https:\/\/dentist.lu\/fr\/soins\" \/>\n<meta property=\"og:site_name\" content=\"Dentist.lu\" \/>\n<meta property=\"article:modified_time\" content=\"2020-04-30T13:42:00+00:00\" \/>\n<meta property=\"og:image\" content=\"https:\/\/dentist.lu\/wp-content\/uploads\/2020\/04\/logo-dentistlu.jpg\" \/>\n\t<meta property=\"og:image:width\" content=\"1777\" \/>\n\t<meta property=\"og:image:height\" content=\"398\" \/>\n<meta name=\"twitter:card\" content=\"summary_large_image\" \/>\n<script type=\"application\/ld+json\" class=\"yoast-schema-graph\">{\"@context\":\"https:\/\/schema.org\",\"@graph\":[{\"@type\":\"Organization\",\"@id\":\"https:\/\/dentist.lu\/fr\/#organization\",\"name\":\"Dentist.lu\",\"url\":\"https:\/\/dentist.lu\/fr\/\",\"sameAs\":[],\"logo\":{\"@type\":\"ImageObject\",\"@id\":\"https:\/\/dentist.lu\/fr\/#logo\",\"inLanguage\":\"fr-FR\",\"url\":\"https:\/\/dentist.lu\/wp-content\/uploads\/2020\/04\/logo-dentistlu.jpg\",\"width\":1777,\"height\":398,\"caption\":\"Dentist.lu\"},\"image\":{\"@id\":\"https:\/\/dentist.lu\/fr\/#logo\"}},{\"@type\":\"WebSite\",\"@id\":\"https:\/\/dentist.lu\/fr\/#website\",\"url\":\"https:\/\/dentist.lu\/fr\/\",\"name\":\"Dentist.lu\",\"description\":\"Dr. BIEWER &amp; Dr. KOLB\",\"publisher\":{\"@id\":\"https:\/\/dentist.lu\/fr\/#organization\"},\"potentialAction\":[{\"@type\":\"SearchAction\",\"target\":\"https:\/\/dentist.lu\/fr\/?s={search_term_string}\",\"query-input\":\"required name=search_term_string\"}],\"inLanguage\":\"fr-FR\"},{\"@type\":\"WebPage\",\"@id\":\"https:\/\/dentist.lu\/fr\/soins#webpage\",\"url\":\"https:\/\/dentist.lu\/fr\/soins\",\"name\":\"Soins - Dentist.lu\",\"isPartOf\":{\"@id\":\"https:\/\/dentist.lu\/fr\/#website\"},\"datePublished\":\"2020-04-19T20:58:47+00:00\",\"dateModified\":\"2020-04-30T13:42:00+00:00\",\"description\":\"Bei einer Zahnbehandlung in unserer Praxis in Mamer bieten wir Ihnen eine Vielzahl an M\\u00f6glichkeiten in der rekonstruktiven Zahnmedizin.\",\"inLanguage\":\"fr-FR\",\"potentialAction\":[{\"@type\":\"ReadAction\",\"target\":[\"https:\/\/dentist.lu\/fr\/soins\"]}]}]}<\/script>\n<!-- \/ Yoast SEO Premium plugin. -->","_links":{"self":[{"href":"https:\/\/dentist.lu\/fr\/wp-json\/wp\/v2\/pages\/732","targetHints":{"allow":["GET"]}}],"collection":[{"href":"https:\/\/dentist.lu\/fr\/wp-json\/wp\/v2\/pages"}],"about":[{"href":"https:\/\/dentist.lu\/fr\/wp-json\/wp\/v2\/types\/page"}],"author":[{"embeddable":true,"href":"https:\/\/dentist.lu\/fr\/wp-json\/wp\/v2\/users\/4"}],"replies":[{"embeddable":true,"href":"https:\/\/dentist.lu\/fr\/wp-json\/wp\/v2\/comments?post=732"}],"version-history":[{"count":6,"href":"https:\/\/dentist.lu\/fr\/wp-json\/wp\/v2\/pages\/732\/revisions"}],"predecessor-version":[{"id":943,"href":"https:\/\/dentist.lu\/fr\/wp-json\/wp\/v2\/pages\/732\/revisions\/943"}],"wp:attachment":[{"href":"https:\/\/dentist.lu\/fr\/wp-json\/wp\/v2\/media?parent=732"}],"curies":[{"name":"wp","href":"https:\/\/api.w.org\/{rel}","templated":true}]}}