{"id":744,"date":"2020-04-19T23:10:42","date_gmt":"2020-04-19T21:10:42","guid":{"rendered":"https:\/\/dentist.lu\/orthodontie"},"modified":"2020-04-30T15:42:28","modified_gmt":"2020-04-30T13:42:28","slug":"orthodontie","status":"publish","type":"page","link":"https:\/\/dentist.lu\/fr\/orthodontie","title":{"rendered":"Orthodontie"},"content":{"rendered":"<p>[vc_row content_placement=\u00a0\u00bbbottom\u00a0\u00bb el_class=\u00a0\u00bbmain-img\u00a0\u00bb css=\u00a0\u00bb.vc_custom_1585409169180{background-image: url(https:\/\/dentist.lu\/wp-content\/uploads\/2020\/03\/Dentist_lu-Leistungen-Kieferorthopaedie1_AdobeStock_169232921.jpg?id=579) !important;}\u00a0\u00bb][vc_column][\/vc_column][\/vc_row][vc_row el_id=\u00a0\u00bbkieferorthopadie\u00a0\u00bb el_class=\u00a0\u00bbcontainer\u00a0\u00bb][vc_column][vc_row_inner css=\u00a0\u00bb.vc_custom_1582220315126{margin-bottom: 25px !important;}\u00a0\u00bb][vc_column_inner][vc_custom_heading text=\u00a0\u00bbORTHODONTIE\u00a0\u00bb use_theme_fonts=\u00a0\u00bbyes\u00a0\u00bb el_class=\u00a0\u00bbH2-Leistungen\u00a0\u00bb][vc_custom_heading text=\u00a0\u00bbLES APPAREILS DENTAIRES INVISALIGN\u00ae &#8211; DES DENTS DROITES TR\u00c8S FACILEMENT\u00a0\u00bb font_container=\u00a0\u00bbtag:h3|text_align:left\u00a0\u00bb use_theme_fonts=\u00a0\u00bbyes\u00a0\u00bb el_class=\u00a0\u00bbH3-Leistungen\u00a0\u00bb][vc_column_text]<\/p>\n<p style=\"text-align: justify;\">De nombreuses personnes souffrent de dents de travers, m\u00eame \u00e0 l&rsquo;\u00e2ge adulte. Mais en tant qu&rsquo;adultes, ils n&rsquo;osent souvent pas s&rsquo;attaquer \u00e0 leur probl\u00e8me, de peur que seuls des appareils dentaires visibles et permanents puissent remettre les dents de travers en place.<\/p>\n<p style=\"text-align: justify;\">Invisalign est un syst\u00e8me unique d&rsquo;<strong>attelles dentaires transparentes <\/strong>pour la correction des d\u00e9fauts d&rsquo;alignement des dents. Il s&rsquo;agit d&rsquo;un syst\u00e8me coordonn\u00e9 de plusieurs attelles fabriqu\u00e9es individuellement. Ces attelles sont port\u00e9es pendant un certain temps avant d&rsquo;\u00eatre remplac\u00e9es. C&rsquo;est un moyen facile d&rsquo;obtenir votre nouveau sourire sans fils et sans appareil dentaire fixe.<\/p>\n<p>[\/vc_column_text][\/vc_column_inner][\/vc_row_inner][\/vc_column][\/vc_row]<\/p>\n","protected":false},"excerpt":{"rendered":"<p>[vc_row content_placement=\u00a0\u00bbbottom\u00a0\u00bb el_class=\u00a0\u00bbmain-img\u00a0\u00bb css=\u00a0\u00bb.vc_custom_1585409169180{background-image: url(https:\/\/dentist.lu\/wp-content\/uploads\/2020\/03\/Dentist_lu-Leistungen-Kieferorthopaedie1_AdobeStock_169232921.jpg?id=579) !important;}\u00a0\u00bb][vc_column][\/vc_column][\/vc_row][vc_row el_id=\u00a0\u00bbkieferorthopadie\u00a0\u00bb el_class=\u00a0\u00bbcontainer\u00a0\u00bb][vc_column][vc_row_inner css=\u00a0\u00bb.vc_custom_1582220315126{margin-bottom: 25px !important;}\u00a0\u00bb][vc_column_inner][vc_custom_heading text=\u00a0\u00bbORTHODONTIE\u00a0\u00bb use_theme_fonts=\u00a0\u00bbyes\u00a0\u00bb el_class=\u00a0\u00bbH2-Leistungen\u00a0\u00bb][vc_custom_heading text=\u00a0\u00bbLES APPAREILS DENTAIRES INVISALIGN\u00ae &#8211; DES DENTS DROITES TR\u00c8S FACILEMENT\u00a0\u00bb font_container=\u00a0\u00bbtag:h3|text_align:left\u00a0\u00bb use_theme_fonts=\u00a0\u00bbyes\u00a0\u00bb el_class=\u00a0\u00bbH3-Leistungen\u00a0\u00bb][vc_column_text] De nombreuses personnes souffrent de dents de travers, m\u00eame \u00e0 l&rsquo;\u00e2ge adulte. Mais en tant qu&rsquo;adultes, ils n&rsquo;osent souvent pas s&rsquo;attaquer \u00e0 leur probl\u00e8me, de peur que seuls [&hellip;]<\/p>\n","protected":false},"author":4,"featured_media":0,"parent":0,"menu_order":9,"comment_status":"closed","ping_status":"closed","template":"page-full-width.php","meta":{"footnotes":""},"class_list":["post-744","page","type-page","status-publish","hentry"],"yoast_head":"<!-- This site is optimized with the Yoast SEO Premium plugin v14.9 - https:\/\/yoast.com\/wordpress\/plugins\/seo\/ -->\n<meta name=\"description\" content=\"Mit der unsichtbaren Zahnspange von Invisalign\u00ae k\u00f6nnen Zahnkorrekturen auch bei Erwachsenen nahezu nicht sichtbar umgesetzt werden. Mehr erfahren!\" \/>\n<meta name=\"robots\" content=\"index, follow, max-snippet:-1, max-image-preview:large, max-video-preview:-1\" \/>\n<link rel=\"canonical\" href=\"https:\/\/dentist.lu\/fr\/orthodontie\" \/>\n<meta property=\"og:locale\" content=\"fr_FR\" \/>\n<meta property=\"og:type\" content=\"article\" \/>\n<meta property=\"og:title\" content=\"Orthodontie - Dentist.lu\" \/>\n<meta property=\"og:description\" content=\"Mit der unsichtbaren Zahnspange von Invisalign\u00ae k\u00f6nnen Zahnkorrekturen auch bei Erwachsenen nahezu nicht sichtbar umgesetzt werden. Mehr erfahren!\" \/>\n<meta property=\"og:url\" content=\"https:\/\/dentist.lu\/fr\/orthodontie\" \/>\n<meta property=\"og:site_name\" content=\"Dentist.lu\" \/>\n<meta property=\"article:modified_time\" content=\"2020-04-30T13:42:28+00:00\" \/>\n<meta property=\"og:image\" content=\"https:\/\/dentist.lu\/wp-content\/uploads\/2020\/04\/logo-dentistlu.jpg\" \/>\n\t<meta property=\"og:image:width\" content=\"1777\" \/>\n\t<meta property=\"og:image:height\" content=\"398\" \/>\n<meta name=\"twitter:card\" content=\"summary_large_image\" \/>\n<script type=\"application\/ld+json\" class=\"yoast-schema-graph\">{\"@context\":\"https:\/\/schema.org\",\"@graph\":[{\"@type\":\"Organization\",\"@id\":\"https:\/\/dentist.lu\/fr\/#organization\",\"name\":\"Dentist.lu\",\"url\":\"https:\/\/dentist.lu\/fr\/\",\"sameAs\":[],\"logo\":{\"@type\":\"ImageObject\",\"@id\":\"https:\/\/dentist.lu\/fr\/#logo\",\"inLanguage\":\"fr-FR\",\"url\":\"https:\/\/dentist.lu\/wp-content\/uploads\/2020\/04\/logo-dentistlu.jpg\",\"width\":1777,\"height\":398,\"caption\":\"Dentist.lu\"},\"image\":{\"@id\":\"https:\/\/dentist.lu\/fr\/#logo\"}},{\"@type\":\"WebSite\",\"@id\":\"https:\/\/dentist.lu\/fr\/#website\",\"url\":\"https:\/\/dentist.lu\/fr\/\",\"name\":\"Dentist.lu\",\"description\":\"Dr. BIEWER &amp; Dr. KOLB\",\"publisher\":{\"@id\":\"https:\/\/dentist.lu\/fr\/#organization\"},\"potentialAction\":[{\"@type\":\"SearchAction\",\"target\":\"https:\/\/dentist.lu\/fr\/?s={search_term_string}\",\"query-input\":\"required name=search_term_string\"}],\"inLanguage\":\"fr-FR\"},{\"@type\":\"WebPage\",\"@id\":\"https:\/\/dentist.lu\/fr\/orthodontie#webpage\",\"url\":\"https:\/\/dentist.lu\/fr\/orthodontie\",\"name\":\"Orthodontie - Dentist.lu\",\"isPartOf\":{\"@id\":\"https:\/\/dentist.lu\/fr\/#website\"},\"datePublished\":\"2020-04-19T21:10:42+00:00\",\"dateModified\":\"2020-04-30T13:42:28+00:00\",\"description\":\"Mit der unsichtbaren Zahnspange von Invisalign\\u00ae k\\u00f6nnen Zahnkorrekturen auch bei Erwachsenen nahezu nicht sichtbar umgesetzt werden. Mehr erfahren!\",\"inLanguage\":\"fr-FR\",\"potentialAction\":[{\"@type\":\"ReadAction\",\"target\":[\"https:\/\/dentist.lu\/fr\/orthodontie\"]}]}]}<\/script>\n<!-- \/ Yoast SEO Premium plugin. -->","_links":{"self":[{"href":"https:\/\/dentist.lu\/fr\/wp-json\/wp\/v2\/pages\/744","targetHints":{"allow":["GET"]}}],"collection":[{"href":"https:\/\/dentist.lu\/fr\/wp-json\/wp\/v2\/pages"}],"about":[{"href":"https:\/\/dentist.lu\/fr\/wp-json\/wp\/v2\/types\/page"}],"author":[{"embeddable":true,"href":"https:\/\/dentist.lu\/fr\/wp-json\/wp\/v2\/users\/4"}],"replies":[{"embeddable":true,"href":"https:\/\/dentist.lu\/fr\/wp-json\/wp\/v2\/comments?post=744"}],"version-history":[{"count":2,"href":"https:\/\/dentist.lu\/fr\/wp-json\/wp\/v2\/pages\/744\/revisions"}],"predecessor-version":[{"id":946,"href":"https:\/\/dentist.lu\/fr\/wp-json\/wp\/v2\/pages\/744\/revisions\/946"}],"wp:attachment":[{"href":"https:\/\/dentist.lu\/fr\/wp-json\/wp\/v2\/media?parent=744"}],"curies":[{"name":"wp","href":"https:\/\/api.w.org\/{rel}","templated":true}]}}