{"id":746,"date":"2020-04-19T23:13:40","date_gmt":"2020-04-19T21:13:40","guid":{"rendered":"https:\/\/dentist.lu\/therapie-fonctionnelle"},"modified":"2020-04-30T23:21:52","modified_gmt":"2020-04-30T21:21:52","slug":"therapie-fonctionnelle","status":"publish","type":"page","link":"https:\/\/dentist.lu\/fr\/therapie-fonctionnelle","title":{"rendered":"Th\u00e9rapie fonctionnelle"},"content":{"rendered":"<p>[vc_row content_placement=\u00a0\u00bbbottom\u00a0\u00bb el_class=\u00a0\u00bbmain-img\u00a0\u00bb css=\u00a0\u00bb.vc_custom_1585404843183{background-image: url(https:\/\/dentist.lu\/wp-content\/uploads\/2020\/03\/Dentist_lu-Leistungen-Funktionstherapie_AdobeStock_222977040.jpg?id=565) !important;}\u00a0\u00bb][vc_column][\/vc_column][\/vc_row][vc_row el_id=\u00a0\u00bbfunktionstherapie\u00a0\u00bb el_class=\u00a0\u00bbcontainer\u00a0\u00bb][vc_column][vc_row_inner css=\u00a0\u00bb.vc_custom_1582220228839{margin-bottom: 25px !important;}\u00a0\u00bb][vc_column_inner][vc_custom_heading text=\u00a0\u00bbTH\u00c9RAPIE FONCTIONNELLE\u00a0\u00bb use_theme_fonts=\u00a0\u00bbyes\u00a0\u00bb el_class=\u00a0\u00bbH2-Leistungen\u00a0\u00bb][vc_empty_space height=\u00a0\u00bb18px\u00a0\u00bb][vc_custom_heading text=\u00a0\u00bbRONFLEMENTS ET ARR\u00caTS RESPIRATOIRES NOCTURNES\u00a0\u00bb font_container=\u00a0\u00bbtag:h3|text_align:left\u00a0\u00bb use_theme_fonts=\u00a0\u00bbyes\u00a0\u00bb el_class=\u00a0\u00bbH3-Leistungen\u00a0\u00bb][vc_column_text]<\/p>\n<p style=\"text-align: justify;\">Une orth\u00e8se d&rsquo;avanc\u00e9e mandibulaire est faite sur mesure et con\u00e7ue pour agir directement la cause du ronflement et des apn\u00e9es du sommeil. Elle maintient la m\u00e2choire inf\u00e9rieure en position avanc\u00e9e afin de lib\u00e9rer les voies a\u00e9riennes pour une respiration fluide et silencieuse. Pour pr\u00e8s de 8 utilisateurs sur 10, la gravit\u00e9 de leur apn\u00e9e du sommeil peut \u00eatre r\u00e9duite de 50 %. Pr\u00e8s de 9 utilisateurs sur 10 ne ronflent plus bruyamment.<\/p>\n<p>[\/vc_column_text][vc_custom_heading text=\u00a0\u00bbDYSFONCTIONNEMENTS CRANIO-MANDIBULAIRES\u00a0\u00bb font_container=\u00a0\u00bbtag:h3|text_align:left\u00a0\u00bb use_theme_fonts=\u00a0\u00bbyes\u00a0\u00bb el_class=\u00a0\u00bbH3-Leistungen\u00a0\u00bb][vc_column_text]L\u2019articulation temporo-mandibulaire est au carrefour entre le cr\u00e2ne et les maxillaires. Son r\u00f4le est essentiel dans la mastication.<\/p>\n<p>L&rsquo;analyse fonctionnelle clinique sert \u00e0 v\u00e9rifier l&rsquo;\u00e9tat fonctionnel et l&rsquo;interaction des dents, des muscles et des articulations des m\u00e2choires ainsi qu&rsquo;\u00e0 d\u00e9tecter les sympt\u00f4mes et les maladies dysfonctionnelles. Le terme \u00ab\u00a0dysfonctionnements cranio-mandibulaires (DCM)\u00a0\u00bb est utilis\u00e9 pour r\u00e9sumer une s\u00e9rie de sympt\u00f4mes cliniques des muscles masticateurs et de l&rsquo;articulation temporo-mandibulaire ainsi que des structures associ\u00e9es dans la r\u00e9gion de la bouche et de la t\u00eate, qui s&rsquo;accompagnent souvent de douleurs et de limitations fonctionnelles de l&rsquo;organe masticateur.[\/vc_column_text][vc_custom_heading text=\u00a0\u00bbGOUTTI\u00c8RE DENTAIRE\u00a0\u00bb font_container=\u00a0\u00bbtag:h3|text_align:left\u00a0\u00bb use_theme_fonts=\u00a0\u00bbyes\u00a0\u00bb el_class=\u00a0\u00bbH3-Leistungen\u00a0\u00bb][vc_column_text]<\/p>\n<p style=\"text-align: justify;\">Les goutti\u00e8res dentaires, ou goutti\u00e8res antibruxisme, sont destin\u00e9es \u00e0 prot\u00e9ger les dents des dommages cons\u00e9cutifs aux cas de grincement de dents important. Elles sont g\u00e9n\u00e9ralement transparentes et sont plac\u00e9es sur les dents de la m\u00e2choire inf\u00e9rieure pendant la p\u00e9riode de broyage. Les attelles d&rsquo;occlusion forment ainsi une barri\u00e8re entre la m\u00e2choire sup\u00e9rieure et inf\u00e9rieure et emp\u00eachent l&rsquo;abrasion continue de l&rsquo;\u00e9mail \u00e0 la surface de la dent.<\/p>\n<p>[\/vc_column_text][vc_custom_heading text=\u00a0\u00bbPROTECTION DU SPORT\u00a0\u00bb font_container=\u00a0\u00bbtag:h3|text_align:left\u00a0\u00bb use_theme_fonts=\u00a0\u00bbyes\u00a0\u00bb el_class=\u00a0\u00bbH3-Leistungen\u00a0\u00bb][vc_column_text]<\/p>\n<p style=\"text-align: justify;\">Les prot\u00e8ge-dents sont r\u00e9alis\u00e9s sur mesure et offrent une excellente protection aux sportifs quelque soit le sport pratiqu\u00e9. En assurant une occlusion optimale et une position correcte de la m\u00e2choire avec le cr\u00e2ne, elle aide \u00e0 \u00e9viter les fractures dentaire, \u00e0 r\u00e9duire le risque de fractures de la m\u00e2choire ou de commotions c\u00e9r\u00e9brales tout en prot\u00e9geant les tissus mous.<\/p>\n<p>[\/vc_column_text][\/vc_column_inner][\/vc_row_inner][\/vc_column][\/vc_row]<\/p>\n","protected":false},"excerpt":{"rendered":"<p>[vc_row content_placement=\u00a0\u00bbbottom\u00a0\u00bb el_class=\u00a0\u00bbmain-img\u00a0\u00bb css=\u00a0\u00bb.vc_custom_1585404843183{background-image: url(https:\/\/dentist.lu\/wp-content\/uploads\/2020\/03\/Dentist_lu-Leistungen-Funktionstherapie_AdobeStock_222977040.jpg?id=565) !important;}\u00a0\u00bb][vc_column][\/vc_column][\/vc_row][vc_row el_id=\u00a0\u00bbfunktionstherapie\u00a0\u00bb el_class=\u00a0\u00bbcontainer\u00a0\u00bb][vc_column][vc_row_inner css=\u00a0\u00bb.vc_custom_1582220228839{margin-bottom: 25px !important;}\u00a0\u00bb][vc_column_inner][vc_custom_heading text=\u00a0\u00bbTH\u00c9RAPIE FONCTIONNELLE\u00a0\u00bb use_theme_fonts=\u00a0\u00bbyes\u00a0\u00bb el_class=\u00a0\u00bbH2-Leistungen\u00a0\u00bb][vc_empty_space height=\u00a0\u00bb18px\u00a0\u00bb][vc_custom_heading text=\u00a0\u00bbRONFLEMENTS ET ARR\u00caTS RESPIRATOIRES NOCTURNES\u00a0\u00bb font_container=\u00a0\u00bbtag:h3|text_align:left\u00a0\u00bb use_theme_fonts=\u00a0\u00bbyes\u00a0\u00bb el_class=\u00a0\u00bbH3-Leistungen\u00a0\u00bb][vc_column_text] Une orth\u00e8se d&rsquo;avanc\u00e9e mandibulaire est faite sur mesure et con\u00e7ue pour agir directement la cause du ronflement et des apn\u00e9es du sommeil. Elle maintient la m\u00e2choire inf\u00e9rieure en position avanc\u00e9e afin [&hellip;]<\/p>\n","protected":false},"author":4,"featured_media":0,"parent":0,"menu_order":10,"comment_status":"closed","ping_status":"closed","template":"page-full-width.php","meta":{"footnotes":""},"class_list":["post-746","page","type-page","status-publish","hentry"],"yoast_head":"<!-- This site is optimized with the Yoast SEO Premium plugin v14.9 - https:\/\/yoast.com\/wordpress\/plugins\/seo\/ -->\n<meta name=\"robots\" content=\"index, follow, max-snippet:-1, max-image-preview:large, max-video-preview:-1\" \/>\n<link rel=\"canonical\" href=\"https:\/\/dentist.lu\/fr\/therapie-fonctionnelle\" \/>\n<meta property=\"og:locale\" content=\"fr_FR\" \/>\n<meta property=\"og:type\" content=\"article\" \/>\n<meta property=\"og:title\" content=\"Th\u00e9rapie fonctionnelle - Dentist.lu\" \/>\n<meta property=\"og:description\" content=\"[vc_row content_placement=\u00a0\u00bbbottom\u00a0\u00bb el_class=\u00a0\u00bbmain-img\u00a0\u00bb css=\u00a0\u00bb.vc_custom_1585404843183{background-image: url(https:\/\/dentist.lu\/wp-content\/uploads\/2020\/03\/Dentist_lu-Leistungen-Funktionstherapie_AdobeStock_222977040.jpg?id=565) !important;}\u00a0\u00bb][vc_column][\/vc_column][\/vc_row][vc_row el_id=\u00a0\u00bbfunktionstherapie\u00a0\u00bb el_class=\u00a0\u00bbcontainer\u00a0\u00bb][vc_column][vc_row_inner css=\u00a0\u00bb.vc_custom_1582220228839{margin-bottom: 25px !important;}\u00a0\u00bb][vc_column_inner][vc_custom_heading text=\u00a0\u00bbTH\u00c9RAPIE FONCTIONNELLE\u00a0\u00bb use_theme_fonts=\u00a0\u00bbyes\u00a0\u00bb el_class=\u00a0\u00bbH2-Leistungen\u00a0\u00bb][vc_empty_space height=\u00a0\u00bb18px\u00a0\u00bb][vc_custom_heading text=\u00a0\u00bbRONFLEMENTS ET ARR\u00caTS RESPIRATOIRES NOCTURNES\u00a0\u00bb font_container=\u00a0\u00bbtag:h3|text_align:left\u00a0\u00bb use_theme_fonts=\u00a0\u00bbyes\u00a0\u00bb el_class=\u00a0\u00bbH3-Leistungen\u00a0\u00bb][vc_column_text] Une orth\u00e8se d&rsquo;avanc\u00e9e mandibulaire est faite sur mesure et con\u00e7ue pour agir directement la cause du ronflement et des apn\u00e9es du sommeil. Elle maintient la m\u00e2choire inf\u00e9rieure en position avanc\u00e9e afin [&hellip;]\" \/>\n<meta property=\"og:url\" content=\"https:\/\/dentist.lu\/fr\/therapie-fonctionnelle\" \/>\n<meta property=\"og:site_name\" content=\"Dentist.lu\" \/>\n<meta property=\"article:modified_time\" content=\"2020-04-30T21:21:52+00:00\" \/>\n<meta property=\"og:image\" content=\"https:\/\/dentist.lu\/wp-content\/uploads\/2020\/04\/logo-dentistlu.jpg\" \/>\n\t<meta property=\"og:image:width\" content=\"1777\" \/>\n\t<meta property=\"og:image:height\" content=\"398\" \/>\n<meta name=\"twitter:card\" content=\"summary_large_image\" \/>\n<script type=\"application\/ld+json\" class=\"yoast-schema-graph\">{\"@context\":\"https:\/\/schema.org\",\"@graph\":[{\"@type\":\"Organization\",\"@id\":\"https:\/\/dentist.lu\/fr\/#organization\",\"name\":\"Dentist.lu\",\"url\":\"https:\/\/dentist.lu\/fr\/\",\"sameAs\":[],\"logo\":{\"@type\":\"ImageObject\",\"@id\":\"https:\/\/dentist.lu\/fr\/#logo\",\"inLanguage\":\"fr-FR\",\"url\":\"https:\/\/dentist.lu\/wp-content\/uploads\/2020\/04\/logo-dentistlu.jpg\",\"width\":1777,\"height\":398,\"caption\":\"Dentist.lu\"},\"image\":{\"@id\":\"https:\/\/dentist.lu\/fr\/#logo\"}},{\"@type\":\"WebSite\",\"@id\":\"https:\/\/dentist.lu\/fr\/#website\",\"url\":\"https:\/\/dentist.lu\/fr\/\",\"name\":\"Dentist.lu\",\"description\":\"Dr. BIEWER &amp; Dr. KOLB\",\"publisher\":{\"@id\":\"https:\/\/dentist.lu\/fr\/#organization\"},\"potentialAction\":[{\"@type\":\"SearchAction\",\"target\":\"https:\/\/dentist.lu\/fr\/?s={search_term_string}\",\"query-input\":\"required name=search_term_string\"}],\"inLanguage\":\"fr-FR\"},{\"@type\":\"WebPage\",\"@id\":\"https:\/\/dentist.lu\/fr\/therapie-fonctionnelle#webpage\",\"url\":\"https:\/\/dentist.lu\/fr\/therapie-fonctionnelle\",\"name\":\"Th\\u00e9rapie fonctionnelle - Dentist.lu\",\"isPartOf\":{\"@id\":\"https:\/\/dentist.lu\/fr\/#website\"},\"datePublished\":\"2020-04-19T21:13:40+00:00\",\"dateModified\":\"2020-04-30T21:21:52+00:00\",\"inLanguage\":\"fr-FR\",\"potentialAction\":[{\"@type\":\"ReadAction\",\"target\":[\"https:\/\/dentist.lu\/fr\/therapie-fonctionnelle\"]}]}]}<\/script>\n<!-- \/ Yoast SEO Premium plugin. -->","_links":{"self":[{"href":"https:\/\/dentist.lu\/fr\/wp-json\/wp\/v2\/pages\/746","targetHints":{"allow":["GET"]}}],"collection":[{"href":"https:\/\/dentist.lu\/fr\/wp-json\/wp\/v2\/pages"}],"about":[{"href":"https:\/\/dentist.lu\/fr\/wp-json\/wp\/v2\/types\/page"}],"author":[{"embeddable":true,"href":"https:\/\/dentist.lu\/fr\/wp-json\/wp\/v2\/users\/4"}],"replies":[{"embeddable":true,"href":"https:\/\/dentist.lu\/fr\/wp-json\/wp\/v2\/comments?post=746"}],"version-history":[{"count":9,"href":"https:\/\/dentist.lu\/fr\/wp-json\/wp\/v2\/pages\/746\/revisions"}],"predecessor-version":[{"id":1334,"href":"https:\/\/dentist.lu\/fr\/wp-json\/wp\/v2\/pages\/746\/revisions\/1334"}],"wp:attachment":[{"href":"https:\/\/dentist.lu\/fr\/wp-json\/wp\/v2\/media?parent=746"}],"curies":[{"name":"wp","href":"https:\/\/api.w.org\/{rel}","templated":true}]}}