{"id":884,"date":"2020-04-25T16:03:29","date_gmt":"2020-04-25T14:03:29","guid":{"rendered":"https:\/\/dentist.lu\/contact"},"modified":"2020-04-30T19:15:25","modified_gmt":"2020-04-30T17:15:25","slug":"contact","status":"publish","type":"page","link":"https:\/\/dentist.lu\/fr\/contact","title":{"rendered":"Contact"},"content":{"rendered":"<p>[vc_row content_placement=\u00a0\u00bbbottom\u00a0\u00bb el_class=\u00a0\u00bbmain-img\u00a0\u00bb css=\u00a0\u00bb.vc_custom_1580910581891{background-image: url(https:\/\/dentist.lu\/wp-content\/uploads\/2020\/02\/main-img-contactt.jpg?id=289) !important;}\u00a0\u00bb][vc_column][\/vc_column][vc_column][vc_empty_space height=\u00a0\u00bb30px\u00a0\u00bb][\/vc_column][\/vc_row][vc_row content_placement=\u00a0\u00bbmiddle\u00a0\u00bb el_class=\u00a0\u00bbcontainer content-contact info-contact\u00a0\u00bb css=\u00a0\u00bb.vc_custom_1587041524768{margin-top: 50px !important;}\u00a0\u00bb][vc_column width=\u00a0\u00bb1\/2&Prime; offset=\u00a0\u00bbvc_col-md-6 vc_col-xs-12&Prime;][vc_column_text]<\/p>\n<p style=\"text-align: justify;\"><a style=\"color: #89b335; font-size: 16px; font-weight: 600;\">95 route d&rsquo;Arlon \u00a0 \u00a0 \u00a0 \u00a0 \u00a0 8211 Mamer \u00a0 \u00a0 \u00a0 \u00a0 \u00a0 \u00a0 \u00a0 \u00a0 \u00a0\u00a0<\/a><a style=\"color: #89b335; font-size: 16px; font-weight: 600;\" href=\"tel:+352312989\">Tel.: +352 31 29 89<\/a><\/p>\n<p>[\/vc_column_text][vc_column_text]<br \/>\n<span style=\"font-size: 16px;\"><strong>Venir en voiture<\/strong><\/span><\/p>\n<p><span style=\"font-size: 14px;\">Il est tr\u00e8s facile de nous rejoindre en voiture. Le cabinet se trouve \u00e0 proximit\u00e9 de l&rsquo;autoroute A6 Luxembourg-Arlon: Sortie 2\u00a0-&gt; direction Mamer<\/span><\/p>\n<p><span style=\"font-size: 14px;\"><strong>Parking gratuit pour les patients<\/strong><\/span>[\/vc_column_text][vc_column_text]<span style=\"font-size: 16px;\"><strong>Transport en commun<\/strong><\/span><\/p>\n<p><span style=\"font-size: 14px;\">Depuis Luxembourg: \u00a0Arr\u00eat de bus \u00ab Mambra \u00bb<br \/>\nDepuis Capellen: \u00a0 \u00a0 \u00a0 \u00a0 Arr\u00eat de bus \u00ab \u00c9glantiers \u00bb<\/span><\/p>\n<p><span style=\"font-size: 14px;\"><a style=\"color: #89b335;\" href=\"http:\/\/mobiliteit.lu\" target=\"_blank\" rel=\"noopener noreferrer\"><strong>Mobiliteit.lu<\/strong><\/a><\/span>[\/vc_column_text][vc_column_text]<span style=\"font-size: 14px;\"><strong>Accessible en fauteuil roulant<\/strong><\/span>[\/vc_column_text][\/vc_column][vc_column width=\u00a0\u00bb1\/2&Prime; offset=\u00a0\u00bbvc_col-md-6 vc_col-xs-12&Prime;][vc_gmaps link=\u00a0\u00bb#E-8_JTNDaWZyYW1lJTIwc3JjJTNEJTIyaHR0cHMlM0ElMkYlMkZ3d3cuZ29vZ2xlLmNvbSUyRm1hcHMlMkZlbWJlZCUzRnBiJTNEJTIxMW0xOCUyMTFtMTIlMjExbTMlMjExZDY0Ni4wMzY3NTY5MjI3OTUlMjEyZDYuMDE4MzU5MzI5MjYyODA4JTIxM2Q0OS42MzI2ODM0NjczMjQ2NCUyMTJtMyUyMTFmMCUyMTJmMCUyMTNmMCUyMTNtMiUyMTFpMTAyNCUyMTJpNzY4JTIxNGYxMy4xJTIxM20zJTIxMW0yJTIxMXMweDQ3ZWFiMzNjNGZkYzFkMzElMjUzQTB4NjEzMTM1ZjRjNDVhZDEzMSUyMTJzQmlld2VyJTI1MjBCb2IlMjE1ZTAlMjEzbTIlMjExc2ZyJTIxMnNsdSUyMTR2MTU4MDM5NjU4ODg4MyUyMTVtMiUyMTFzZnIlMjEyc2x1JTIyJTIwd2lkdGglM0QlMjI2MDAlMjIlMjBoZWlnaHQlM0QlMjI0MDAlMjIlMjBmcmFtZWJvcmRlciUzRCUyMjAlMjIlMjBzdHlsZSUzRCUyMmJvcmRlciUzQTAlMjIlMjBhbGxvd2Z1bGxzY3JlZW4lM0UlM0MlMkZpZnJhbWUlM0UlMEE=\u00a0\u00bb css_animation=\u00a0\u00bbfadeInRight\u00a0\u00bb][\/vc_column][\/vc_row][vc_row css_animation=\u00a0\u00bbfadeInUp\u00a0\u00bb el_class=\u00a0\u00bbcontainer formulaire\u00a0\u00bb][vc_column][vc_empty_space height=\u00a0\u00bb30px\u00a0\u00bb][\/vc_column][\/vc_row][vc_row css_animation=\u00a0\u00bbfadeInUp\u00a0\u00bb el_class=\u00a0\u00bbcontainer formulaire\u00a0\u00bb][vc_column width=\u00a0\u00bb1\/2&Prime;][vc_column_text]<span style=\"font-size: 16px;\"><strong>Heures d&rsquo;ouverture<\/strong><\/span><\/p>\n<p style=\"text-align: justify;\">Lu \u00a0 \u00a0 \u00a0 \u00a0 08:00-19:00<br \/>\nMa\u00a0 \u00a0 \u00a0 \u00a0 08:00-19:00<br \/>\nMe\u00a0 \u00a0 \u00a0 \u00a0 08:00-18:00<br \/>\nJe \u00a0 \u00a0 \u00a0 \u00a0 \u00a008:00-19:00<br \/>\nVe \u00a0 \u00a0 \u00a0 \u00a0 \u00a008:00-18:00<br \/>\nSamedi sur rendez-vous<\/p>\n<p>[\/vc_column_text][\/vc_column][vc_column width=\u00a0\u00bb1\/2&Prime;][vc_column_text]<strong>Nous parlons: <\/strong><span style=\"font-size: 14px;\">luxembourgeois, allemand, fran\u00e7ais, anglais et portuguais<\/span>[\/vc_column_text][\/vc_column][\/vc_row][vc_row css_animation=\u00a0\u00bbfadeInUp\u00a0\u00bb el_class=\u00a0\u00bbcontainer formulaire\u00a0\u00bb][vc_column][vc_empty_space height=\u00a0\u00bb42px\u00a0\u00bb][vc_custom_heading text=\u00a0\u00bbFormulaire Mail\u00a0\u00bb font_container=\u00a0\u00bbtag:h2|font_size:16px|text_align:left|line_height:40px\u00a0\u00bb use_theme_fonts=\u00a0\u00bbyes\u00a0\u00bb]\n<div class=\"wpcf7 no-js\" id=\"wpcf7-f880-o1\" lang=\"fr-FR\" dir=\"ltr\" data-wpcf7-id=\"880\">\n<div class=\"screen-reader-response\"><p role=\"status\" aria-live=\"polite\" aria-atomic=\"true\"><\/p> <ul><\/ul><\/div>\n<form action=\"\/fr\/wp-json\/wp\/v2\/pages\/884#wpcf7-f880-o1\" method=\"post\" class=\"wpcf7-form init\" aria-label=\"Formulaire de contact\" novalidate=\"novalidate\" data-status=\"init\">\n<fieldset class=\"hidden-fields-container\"><input type=\"hidden\" name=\"_wpcf7\" value=\"880\" \/><input type=\"hidden\" name=\"_wpcf7_version\" value=\"6.1.1\" \/><input type=\"hidden\" name=\"_wpcf7_locale\" value=\"fr_FR\" \/><input type=\"hidden\" name=\"_wpcf7_unit_tag\" value=\"wpcf7-f880-o1\" \/><input type=\"hidden\" name=\"_wpcf7_container_post\" value=\"0\" \/><input type=\"hidden\" name=\"_wpcf7_posted_data_hash\" value=\"\" \/><input type=\"hidden\" name=\"_wpcf7_recaptcha_response\" value=\"\" \/>\n<\/fieldset>\n<ul>\n\t<li>\n\t\t<p><span class=\"wpcf7-form-control-wrap\" data-name=\"nom\"><input size=\"40\" maxlength=\"400\" class=\"wpcf7-form-control wpcf7-text wpcf7-validates-as-required name\" aria-required=\"true\" aria-invalid=\"false\" placeholder=\"Nom et Pr\u00e9nom\" value=\"\" type=\"text\" name=\"nom\" \/><\/span>\n\t\t<\/p>\n\t<\/li>\n\t<li>\n\t\t<p><span class=\"wpcf7-form-control-wrap\" data-name=\"email\"><input size=\"40\" maxlength=\"400\" class=\"wpcf7-form-control wpcf7-email wpcf7-validates-as-required wpcf7-text wpcf7-validates-as-email email\" aria-required=\"true\" aria-invalid=\"false\" placeholder=\"E-Mail\" value=\"\" type=\"email\" name=\"email\" \/><\/span>\n\t\t<\/p>\n\t<\/li>\n\t<li>\n\t\t<p><span class=\"wpcf7-form-control-wrap\" data-name=\"sujet\"><input size=\"40\" maxlength=\"400\" class=\"wpcf7-form-control wpcf7-text subject\" aria-invalid=\"false\" placeholder=\"Matricule de s\u00e9curit\u00e9 sociale\" value=\"\" type=\"text\" name=\"sujet\" \/><\/span>\n\t\t<\/p>\n\t<\/li>\n\t<li>\n\t\t<p><span class=\"wpcf7-form-control-wrap\" data-name=\"message\"><textarea cols=\"40\" rows=\"10\" maxlength=\"2000\" class=\"wpcf7-form-control wpcf7-textarea wpcf7-validates-as-required message\" aria-required=\"true\" aria-invalid=\"false\" placeholder=\"Votre message\" name=\"message\"><\/textarea><\/span>\n\t\t<\/p>\n\t<\/li>\n\t<li>\n\t\t<p><input class=\"wpcf7-form-control wpcf7-submit has-spinner send\" type=\"submit\" value=\"Envoyer\" \/>\n\t\t<\/p>\n\t\t<p class=\"info-contact\"> Les rendez-vous ne peuvent \u00eatre pris, modifi\u00e9s ou annul\u00e9s que par t\u00e9l\u00e9phone ou par notre calendrier en ligne.\n\t\t<\/p>\n\t<\/li>\n<\/ul><p style=\"display: none !important;\" class=\"akismet-fields-container\" data-prefix=\"_wpcf7_ak_\"><label>&#916;<textarea name=\"_wpcf7_ak_hp_textarea\" cols=\"45\" rows=\"8\" maxlength=\"100\"><\/textarea><\/label><input type=\"hidden\" id=\"ak_js_1\" name=\"_wpcf7_ak_js\" value=\"214\"\/><script>document.getElementById( \"ak_js_1\" ).setAttribute( \"value\", ( new Date() ).getTime() );<\/script><\/p><input type='hidden' class='wpcf7-pum' value='{\"closepopup\":false,\"closedelay\":0,\"openpopup\":false,\"openpopup_id\":0}' \/><div class=\"wpcf7-response-output\" aria-hidden=\"true\"><\/div>\n<\/form>\n<\/div>\n[vc_empty_space height=\u00a0\u00bb30px\u00a0\u00bb][\/vc_column][\/vc_row][vc_row css=\u00a0\u00bb.vc_custom_1587996343880{margin-right: 0px !important;margin-left: 0px !important;padding-top: 0px !important;padding-right: 0px !important;padding-bottom: 0px !important;padding-left: 0px !important;}\u00a0\u00bb][vc_column css=\u00a0\u00bb.vc_custom_1580396781523{margin-right: 0px !important;margin-bottom: 0px !important;margin-left: 0px !important;border-right-width: 0px !important;border-bottom-width: 0px !important;border-left-width: 0px !important;padding-top: 0px !important;padding-right: 0px !important;padding-bottom: 0px !important;padding-left: 0px !important;}\u00a0\u00bb][vc_empty_space height=\u00a0\u00bb30px\u00a0\u00bb][vc_gmaps link=\u00a0\u00bb#E-8_JTNDaWZyYW1lJTIwc3JjJTNEaHR0cHMlM0ElMkYlMkZ1bWFwLm9wZW5zdHJlZXRtYXAuZnIlMkZlbiUyRm1hcCUyRmRlbnRpc3RsdS1kci1iaWV3ZXItZHIta29sYl80MjQ4OTUlMjMxNSUyRjQ5LjYzMzklMkY2LjAxOTAlMjIlMjB3aWR0aCUzRCUyMjEwMCUyNSUyMiUyMGhlaWdodCUzRCUyMjQ1MCUyMiUyMGZyYW1lYm9yZGVyJTNEJTIyMCUyMiUyMHN0eWxlJTNEJTIyYm9yZGVyJTNBMCUzQiUyMiUyMGFsbG93ZnVsbHNjcmVlbiUzRCUyMiUyMiUzRSUzQyUyRmlmcmFtZSUzRQ==\u00a0\u00bb css_animation=\u00a0\u00bbnone\u00a0\u00bb css=\u00a0\u00bb.vc_custom_1582821040948{margin-top: 0px !important;margin-right: 0px !important;margin-bottom: 0px !important;margin-left: 0px !important;border-top-width: 0px !important;border-right-width: 0px !important;border-bottom-width: 0px !important;border-left-width: 0px !important;padding-top: 0px !important;padding-right: 0px !important;padding-bottom: 0px !important;padding-left: 0px !important;}\u00a0\u00bb][\/vc_column][\/vc_row]<\/p>\n","protected":false},"excerpt":{"rendered":"<p>[vc_row content_placement=\u00a0\u00bbbottom\u00a0\u00bb el_class=\u00a0\u00bbmain-img\u00a0\u00bb css=\u00a0\u00bb.vc_custom_1580910581891{background-image: url(https:\/\/dentist.lu\/wp-content\/uploads\/2020\/02\/main-img-contactt.jpg?id=289) !important;}\u00a0\u00bb][vc_column][\/vc_column][vc_column][vc_empty_space height=\u00a0\u00bb30px\u00a0\u00bb][\/vc_column][\/vc_row][vc_row content_placement=\u00a0\u00bbmiddle\u00a0\u00bb el_class=\u00a0\u00bbcontainer content-contact info-contact\u00a0\u00bb css=\u00a0\u00bb.vc_custom_1587041524768{margin-top: 50px !important;}\u00a0\u00bb][vc_column width=\u00a0\u00bb1\/2&Prime; offset=\u00a0\u00bbvc_col-md-6 vc_col-xs-12&Prime;][vc_column_text] 95 route d&rsquo;Arlon \u00a0 \u00a0 \u00a0 \u00a0 \u00a0 8211 Mamer \u00a0 \u00a0 \u00a0 \u00a0 \u00a0 \u00a0 \u00a0 \u00a0 \u00a0\u00a0Tel.: +352 31 29 89 [\/vc_column_text][vc_column_text] Venir en voiture Il est tr\u00e8s facile de nous rejoindre en voiture. Le cabinet [&hellip;]<\/p>\n","protected":false},"author":4,"featured_media":0,"parent":0,"menu_order":0,"comment_status":"closed","ping_status":"closed","template":"page-full-width.php","meta":{"footnotes":""},"class_list":["post-884","page","type-page","status-publish","hentry"],"yoast_head":"<!-- This site is optimized with the Yoast SEO Premium plugin v14.9 - https:\/\/yoast.com\/wordpress\/plugins\/seo\/ -->\n<meta name=\"description\" content=\"Kontakt zur Zahnarztpraxis in Mamer. Bei Fragen Tel. +352 312989 info@dentist.lu www.dentist.lu\" \/>\n<meta name=\"robots\" content=\"index, follow, max-snippet:-1, max-image-preview:large, max-video-preview:-1\" \/>\n<link rel=\"canonical\" href=\"https:\/\/dentist.lu\/fr\/contact\" \/>\n<meta property=\"og:locale\" content=\"fr_FR\" \/>\n<meta property=\"og:type\" content=\"article\" \/>\n<meta property=\"og:title\" content=\"Contact - Dentist.lu\" \/>\n<meta property=\"og:description\" content=\"Kontakt zur Zahnarztpraxis in Mamer. Bei Fragen Tel. +352 312989 info@dentist.lu www.dentist.lu\" \/>\n<meta property=\"og:url\" content=\"https:\/\/dentist.lu\/fr\/contact\" \/>\n<meta property=\"og:site_name\" content=\"Dentist.lu\" \/>\n<meta property=\"article:modified_time\" content=\"2020-04-30T17:15:25+00:00\" \/>\n<meta property=\"og:image\" content=\"https:\/\/dentist.lu\/wp-content\/uploads\/2020\/04\/logo-dentistlu.jpg\" \/>\n\t<meta property=\"og:image:width\" content=\"1777\" \/>\n\t<meta property=\"og:image:height\" content=\"398\" \/>\n<meta name=\"twitter:card\" content=\"summary_large_image\" \/>\n<script type=\"application\/ld+json\" class=\"yoast-schema-graph\">{\"@context\":\"https:\/\/schema.org\",\"@graph\":[{\"@type\":\"Organization\",\"@id\":\"https:\/\/dentist.lu\/fr\/#organization\",\"name\":\"Dentist.lu\",\"url\":\"https:\/\/dentist.lu\/fr\/\",\"sameAs\":[],\"logo\":{\"@type\":\"ImageObject\",\"@id\":\"https:\/\/dentist.lu\/fr\/#logo\",\"inLanguage\":\"fr-FR\",\"url\":\"https:\/\/dentist.lu\/wp-content\/uploads\/2020\/04\/logo-dentistlu.jpg\",\"width\":1777,\"height\":398,\"caption\":\"Dentist.lu\"},\"image\":{\"@id\":\"https:\/\/dentist.lu\/fr\/#logo\"}},{\"@type\":\"WebSite\",\"@id\":\"https:\/\/dentist.lu\/fr\/#website\",\"url\":\"https:\/\/dentist.lu\/fr\/\",\"name\":\"Dentist.lu\",\"description\":\"Dr. BIEWER &amp; Dr. KOLB\",\"publisher\":{\"@id\":\"https:\/\/dentist.lu\/fr\/#organization\"},\"potentialAction\":[{\"@type\":\"SearchAction\",\"target\":\"https:\/\/dentist.lu\/fr\/?s={search_term_string}\",\"query-input\":\"required name=search_term_string\"}],\"inLanguage\":\"fr-FR\"},{\"@type\":\"WebPage\",\"@id\":\"https:\/\/dentist.lu\/fr\/contact#webpage\",\"url\":\"https:\/\/dentist.lu\/fr\/contact\",\"name\":\"Contact - Dentist.lu\",\"isPartOf\":{\"@id\":\"https:\/\/dentist.lu\/fr\/#website\"},\"datePublished\":\"2020-04-25T14:03:29+00:00\",\"dateModified\":\"2020-04-30T17:15:25+00:00\",\"description\":\"Kontakt zur Zahnarztpraxis in Mamer. Bei Fragen Tel. +352 312989 info@dentist.lu www.dentist.lu\",\"inLanguage\":\"fr-FR\",\"potentialAction\":[{\"@type\":\"ReadAction\",\"target\":[\"https:\/\/dentist.lu\/fr\/contact\"]}]}]}<\/script>\n<!-- \/ Yoast SEO Premium plugin. -->","_links":{"self":[{"href":"https:\/\/dentist.lu\/fr\/wp-json\/wp\/v2\/pages\/884","targetHints":{"allow":["GET"]}}],"collection":[{"href":"https:\/\/dentist.lu\/fr\/wp-json\/wp\/v2\/pages"}],"about":[{"href":"https:\/\/dentist.lu\/fr\/wp-json\/wp\/v2\/types\/page"}],"author":[{"embeddable":true,"href":"https:\/\/dentist.lu\/fr\/wp-json\/wp\/v2\/users\/4"}],"replies":[{"embeddable":true,"href":"https:\/\/dentist.lu\/fr\/wp-json\/wp\/v2\/comments?post=884"}],"version-history":[{"count":22,"href":"https:\/\/dentist.lu\/fr\/wp-json\/wp\/v2\/pages\/884\/revisions"}],"predecessor-version":[{"id":1305,"href":"https:\/\/dentist.lu\/fr\/wp-json\/wp\/v2\/pages\/884\/revisions\/1305"}],"wp:attachment":[{"href":"https:\/\/dentist.lu\/fr\/wp-json\/wp\/v2\/media?parent=884"}],"curies":[{"name":"wp","href":"https:\/\/api.w.org\/{rel}","templated":true}]}}