{"id":913,"date":"2020-04-25T16:53:07","date_gmt":"2020-04-25T14:53:07","guid":{"rendered":"https:\/\/dentist.lu\/accueil"},"modified":"2023-04-04T07:07:05","modified_gmt":"2023-04-04T05:07:05","slug":"accueil","status":"publish","type":"page","link":"https:\/\/dentist.lu\/fr","title":{"rendered":"Accueil"},"content":{"rendered":"<p>[vc_row css=\u00a0\u00bb.vc_custom_1601055580828{padding-top: 115px !important;padding-bottom: 50px !important;background-image: url(https:\/\/dentist.lu\/wp-content\/uploads\/2020\/02\/Header-Accueil-Dentist.jpg?id=235) !important;background-position: center !important;background-repeat: no-repeat !important;background-size: cover !important;}\u00a0\u00bb el_class=\u00a0\u00bbslide\u00a0\u00bb][vc_column][vc_row_inner el_class=\u00a0\u00bbcontainer\u00a0\u00bb][vc_column_inner][vc_custom_heading text=\u00a0\u00bbVOTRE SOURIRE EST NOTRE PASSION\u00a0\u00bb font_container=\u00a0\u00bbtag:h2|font_size:25px|text_align:left|color:%23000000|line_height:38px\u00a0\u00bb use_theme_fonts=\u00a0\u00bbyes\u00a0\u00bb css_animation=\u00a0\u00bbfadeInRight\u00a0\u00bb][vc_column_text el_class=\u00a0\u00bbh2&Prime;]Pour un traitement dentaire comp\u00e9tent et personnel[\/vc_column_text][\/vc_column_inner][\/vc_row_inner][vc_row_inner el_class=\u00a0\u00bbcontainer\u00a0\u00bb][vc_column_inner][vc_empty_space height=\u00a0\u00bb178px\u00a0\u00bb][\/vc_column_inner][\/vc_row_inner][\/vc_column][\/vc_row][vc_row el_class=\u00a0\u00bbcontainer horaire\u00a0\u00bb][vc_column][vc_custom_heading text=\u00a0\u00bbHeures d&rsquo;ouverture\u00a0\u00bb font_container=\u00a0\u00bbtag:h3|font_size:15px|text_align:left|color:%230a0a0a\u00a0\u00bb use_theme_fonts=\u00a0\u00bbyes\u00a0\u00bb][vc_row_inner][vc_column_inner width=\u00a0\u00bb1\/4&Prime;][vc_column_text]Lu \u00a0 \u00a0 \u00a008:00-19:00<br \/>\nMa\u00a0 \u00a0 \u00a008:00-19:00<br \/>\nMe\u00a0 \u00a0 \u00a008:00-18:00[\/vc_column_text][\/vc_column_inner][vc_column_inner width=\u00a0\u00bb1\/4&Prime;][vc_column_text]Je\u00a0 \u00a0 \u00a0 08:00-19:00<br \/>\nVe\u00a0 \u00a0 \u00a008:00-18:00<br \/>\nSa\u00a0 \u00a0 \u00a0sur demande[\/vc_column_text][\/vc_column_inner][vc_column_inner width=\u00a0\u00bb1\/4&Prime;][\/vc_column_inner][vc_column_inner width=\u00a0\u00bb1\/4&Prime;][\/vc_column_inner][\/vc_row_inner][\/vc_column][\/vc_row][vc_row disable_element=\u00a0\u00bbyes\u00a0\u00bb el_class=\u00a0\u00bbcontainer horaire\u00a0\u00bb][vc_column][vc_custom_heading text=\u00a0\u00bbWiederaufnahme der medizinischen Aktivit\u00e4ten.\u00a0\u00bb font_container=\u00a0\u00bbtag:h3|font_size:22px|text_align:center|color:%230a0a0a\u00a0\u00bb use_theme_fonts=\u00a0\u00bbyes\u00a0\u00bb][vc_empty_space height=\u00a0\u00bb16px\u00a0\u00bb][vc_custom_heading text=\u00a0\u00bbAus Sicherheitsgr\u00fcnden reduzierte Aktivit\u00e4ten gem\u00e4\u00df den Covid-19 Hygieneempfehlungen.\u00a0\u00bb font_container=\u00a0\u00bbtag:h3|font_size:22px|text_align:center|color:%230a0a0a\u00a0\u00bb use_theme_fonts=\u00a0\u00bbyes\u00a0\u00bb][vc_empty_space][vc_row_inner][vc_column_inner][vc_column_text]<\/p>\n<p style=\"text-align: center;\"><span style=\"font-size: 18px;\"> Pour les questions importantes, nous recommandons une discussion directe en ligne sur<\/span><\/p>\n<p style=\"text-align: center;\"><span style=\"font-size: 18px;\"> <a class=\"linknumber\" href=\" https:\/\/www.esante.lu\/portal\/de\/patienten-bereich\/meine-anmeldung,344,350.html \"> www.esante.lu<\/a><\/span><\/p>\n<p style=\"text-align: center;\"><span style=\"font-size: 18px;\">la plateforme de t\u00e9l\u00e9consultation de l&rsquo;agence eSant\u00e9 *<\/span><\/p>\n<p>[\/vc_column_text][vc_column_text]<\/p>\n<p style=\"text-align: right;\"><span style=\"font-size: 16px;\"><em>*t\u00e9l\u00e9consultations payantes<\/em><\/span><\/p>\n<p>[\/vc_column_text][\/vc_column_inner][\/vc_row_inner][\/vc_column][\/vc_row][vc_row content_placement=\u00a0\u00bbbottom\u00a0\u00bb el_class=\u00a0\u00bbcontainer\u00a0\u00bb][vc_column][vc_empty_space height=\u00a0\u00bb150px\u00a0\u00bb][\/vc_column][\/vc_row]<\/p>\n","protected":false},"excerpt":{"rendered":"<p>[vc_row css=\u00a0\u00bb.vc_custom_1601055580828{padding-top: 115px !important;padding-bottom: 50px !important;background-image: url(https:\/\/dentist.lu\/wp-content\/uploads\/2020\/02\/Header-Accueil-Dentist.jpg?id=235) !important;background-position: center !important;background-repeat: no-repeat !important;background-size: cover !important;}\u00a0\u00bb el_class=\u00a0\u00bbslide\u00a0\u00bb][vc_column][vc_row_inner el_class=\u00a0\u00bbcontainer\u00a0\u00bb][vc_column_inner][vc_custom_heading text=\u00a0\u00bbVOTRE SOURIRE EST NOTRE PASSION\u00a0\u00bb font_container=\u00a0\u00bbtag:h2|font_size:25px|text_align:left|color:%23000000|line_height:38px\u00a0\u00bb use_theme_fonts=\u00a0\u00bbyes\u00a0\u00bb css_animation=\u00a0\u00bbfadeInRight\u00a0\u00bb][vc_column_text el_class=\u00a0\u00bbh2&Prime;]Pour un traitement dentaire comp\u00e9tent et personnel[\/vc_column_text][\/vc_column_inner][\/vc_row_inner][vc_row_inner el_class=\u00a0\u00bbcontainer\u00a0\u00bb][vc_column_inner][vc_empty_space height=\u00a0\u00bb178px\u00a0\u00bb][\/vc_column_inner][\/vc_row_inner][\/vc_column][\/vc_row][vc_row el_class=\u00a0\u00bbcontainer horaire\u00a0\u00bb][vc_column][vc_custom_heading text=\u00a0\u00bbHeures d&rsquo;ouverture\u00a0\u00bb font_container=\u00a0\u00bbtag:h3|font_size:15px|text_align:left|color:%230a0a0a\u00a0\u00bb use_theme_fonts=\u00a0\u00bbyes\u00a0\u00bb][vc_row_inner][vc_column_inner width=\u00a0\u00bb1\/4&Prime;][vc_column_text]Lu \u00a0 \u00a0 \u00a008:00-19:00 Ma\u00a0 \u00a0 \u00a008:00-19:00 Me\u00a0 \u00a0 \u00a008:00-18:00[\/vc_column_text][\/vc_column_inner][vc_column_inner width=\u00a0\u00bb1\/4&Prime;][vc_column_text]Je\u00a0 \u00a0 \u00a0 08:00-19:00 Ve\u00a0 \u00a0 [&hellip;]<\/p>\n","protected":false},"author":4,"featured_media":0,"parent":0,"menu_order":0,"comment_status":"closed","ping_status":"closed","template":"page-full-width.php","meta":{"footnotes":""},"class_list":["post-913","page","type-page","status-publish","hentry"],"yoast_head":"<!-- This site is optimized with the Yoast SEO Premium plugin v14.9 - https:\/\/yoast.com\/wordpress\/plugins\/seo\/ -->\n<meta name=\"description\" content=\"Bienvenue chez votre dentiste \u00e0 Mamer. Vous pouvez vous attendre \u00e0 des services de haute qualit\u00e9 et \u00e0 un service personnalis\u00e9 de notre part. Visitez-nous maintenant!\" \/>\n<meta name=\"robots\" content=\"index, follow, max-snippet:-1, max-image-preview:large, max-video-preview:-1\" \/>\n<link rel=\"canonical\" href=\"https:\/\/dentist.lu\/fr\" \/>\n<meta property=\"og:locale\" content=\"fr_FR\" \/>\n<meta property=\"og:type\" content=\"article\" \/>\n<meta property=\"og:title\" content=\"Cabinet sp\u00e9cialis\u00e9 en implantologie et endodontie Dr. BIEWER &amp; Dr. KOLB Mamer\" \/>\n<meta property=\"og:description\" content=\"Bienvenue chez votre dentiste \u00e0 Mamer. Vous pouvez vous attendre \u00e0 des services de haute qualit\u00e9 et \u00e0 un service personnalis\u00e9 de notre part. Visitez-nous maintenant!\" \/>\n<meta property=\"og:url\" content=\"https:\/\/dentist.lu\/fr\" \/>\n<meta property=\"og:site_name\" content=\"Dentist.lu\" \/>\n<meta property=\"article:modified_time\" content=\"2023-04-04T05:07:05+00:00\" \/>\n<meta property=\"og:image\" content=\"https:\/\/dentist.lu\/wp-content\/uploads\/2020\/04\/logo-dentistlu.jpg\" \/>\n\t<meta property=\"og:image:width\" content=\"1777\" \/>\n\t<meta property=\"og:image:height\" content=\"398\" \/>\n<meta name=\"twitter:card\" content=\"summary_large_image\" \/>\n<script type=\"application\/ld+json\" class=\"yoast-schema-graph\">{\"@context\":\"https:\/\/schema.org\",\"@graph\":[{\"@type\":\"Organization\",\"@id\":\"https:\/\/dentist.lu\/fr\/#organization\",\"name\":\"Dentist.lu\",\"url\":\"https:\/\/dentist.lu\/fr\/\",\"sameAs\":[],\"logo\":{\"@type\":\"ImageObject\",\"@id\":\"https:\/\/dentist.lu\/fr\/#logo\",\"inLanguage\":\"fr-FR\",\"url\":\"https:\/\/dentist.lu\/wp-content\/uploads\/2020\/04\/logo-dentistlu.jpg\",\"width\":1777,\"height\":398,\"caption\":\"Dentist.lu\"},\"image\":{\"@id\":\"https:\/\/dentist.lu\/fr\/#logo\"}},{\"@type\":\"WebSite\",\"@id\":\"https:\/\/dentist.lu\/fr\/#website\",\"url\":\"https:\/\/dentist.lu\/fr\/\",\"name\":\"Dentist.lu\",\"description\":\"Dr. BIEWER &amp; Dr. KOLB\",\"publisher\":{\"@id\":\"https:\/\/dentist.lu\/fr\/#organization\"},\"potentialAction\":[{\"@type\":\"SearchAction\",\"target\":\"https:\/\/dentist.lu\/fr\/?s={search_term_string}\",\"query-input\":\"required name=search_term_string\"}],\"inLanguage\":\"fr-FR\"},{\"@type\":\"WebPage\",\"@id\":\"https:\/\/dentist.lu\/fr#webpage\",\"url\":\"https:\/\/dentist.lu\/fr\",\"name\":\"Cabinet sp\\u00e9cialis\\u00e9 en implantologie et endodontie Dr. BIEWER &amp; Dr. KOLB Mamer\",\"isPartOf\":{\"@id\":\"https:\/\/dentist.lu\/fr\/#website\"},\"datePublished\":\"2020-04-25T14:53:07+00:00\",\"dateModified\":\"2023-04-04T05:07:05+00:00\",\"description\":\"Bienvenue chez votre dentiste \\u00e0 Mamer. Vous pouvez vous attendre \\u00e0 des services de haute qualit\\u00e9 et \\u00e0 un service personnalis\\u00e9 de notre part. Visitez-nous maintenant!\",\"inLanguage\":\"fr-FR\",\"potentialAction\":[{\"@type\":\"ReadAction\",\"target\":[\"https:\/\/dentist.lu\/fr\"]}]}]}<\/script>\n<!-- \/ Yoast SEO Premium plugin. -->","_links":{"self":[{"href":"https:\/\/dentist.lu\/fr\/wp-json\/wp\/v2\/pages\/913","targetHints":{"allow":["GET"]}}],"collection":[{"href":"https:\/\/dentist.lu\/fr\/wp-json\/wp\/v2\/pages"}],"about":[{"href":"https:\/\/dentist.lu\/fr\/wp-json\/wp\/v2\/types\/page"}],"author":[{"embeddable":true,"href":"https:\/\/dentist.lu\/fr\/wp-json\/wp\/v2\/users\/4"}],"replies":[{"embeddable":true,"href":"https:\/\/dentist.lu\/fr\/wp-json\/wp\/v2\/comments?post=913"}],"version-history":[{"count":32,"href":"https:\/\/dentist.lu\/fr\/wp-json\/wp\/v2\/pages\/913\/revisions"}],"predecessor-version":[{"id":9307,"href":"https:\/\/dentist.lu\/fr\/wp-json\/wp\/v2\/pages\/913\/revisions\/9307"}],"wp:attachment":[{"href":"https:\/\/dentist.lu\/fr\/wp-json\/wp\/v2\/media?parent=913"}],"curies":[{"name":"wp","href":"https:\/\/api.w.org\/{rel}","templated":true}]}}