{"id":972,"date":"2020-04-25T18:25:04","date_gmt":"2020-04-25T16:25:04","guid":{"rendered":"https:\/\/dentist.lu\/info-patient-2"},"modified":"2020-05-06T16:05:43","modified_gmt":"2020-05-06T14:05:43","slug":"info-patient","status":"publish","type":"page","link":"https:\/\/dentist.lu\/fr\/info-patient","title":{"rendered":"Info patient"},"content":{"rendered":"<p>[vc_row content_placement=\u00a0\u00bbbottom\u00a0\u00bb el_class=\u00a0\u00bbmain-img\u00a0\u00bb css=\u00a0\u00bb.vc_custom_1580910575918{background-image: url(https:\/\/dentist.lu\/wp-content\/uploads\/2020\/02\/main-img-patient.jpg?id=292) !important;}\u00a0\u00bb][vc_column][\/vc_column][\/vc_row][vc_row el_class=\u00a0\u00bbcontainer content-patient\u00a0\u00bb css=\u00a0\u00bb.vc_custom_1579604379870{margin-bottom: 50px !important;}\u00a0\u00bb][vc_column width=\u00a0\u00bb1\/3&Prime; el_id=\u00a0\u00bbfixed-menu\u00a0\u00bb][vc_empty_space height=\u00a0\u00bb12px\u00a0\u00bb][vc_column_text el_class=\u00a0\u00bbgreen\u00a0\u00bb]<strong><a class=\"patient-info-menu\" href=\"#neuer-patient\" rel=\"noopener noreferrer\">Nouveau patient<\/a><\/strong>[\/vc_column_text][vc_empty_space height=\u00a0\u00bb18px\u00a0\u00bb][vc_column_text el_class=\u00a0\u00bbgreen\u00a0\u00bb]<strong><a class=\"patient-info-menu\" href=\"#Behandlung\" rel=\"noopener noreferrer\">Conseils pr\u00e9-op\u00e9ratoires<\/a><\/strong>[\/vc_column_text][vc_empty_space height=\u00a0\u00bb18px\u00a0\u00bb][vc_column_text el_class=\u00a0\u00bbgreen\u00a0\u00bb]<strong><a class=\"patient-info-menu\" href=\"#Extraktion\" rel=\"noopener noreferrer\">Extractions<\/a><\/strong>[\/vc_column_text][vc_empty_space height=\u00a0\u00bb18px\u00a0\u00bb][vc_column_text el_class=\u00a0\u00bbgreen\u00a0\u00bb]<strong><a class=\"patient-info-menu\" href=\"#Zahnimplantation\" rel=\"noopener noreferrer\">Implants<\/a><\/strong>[\/vc_column_text][vc_empty_space height=\u00a0\u00bb18px\u00a0\u00bb][vc_column_text el_class=\u00a0\u00bbgreen\u00a0\u00bb]<strong><a class=\"patient-info-menu\" href=\"#knochenaufbau\" rel=\"noopener noreferrer\">R\u00e9g\u00e9n\u00e9ration osseuse<\/a><\/strong>[\/vc_column_text][vc_empty_space height=\u00a0\u00bb150px\u00a0\u00bb][vc_column_text el_class=\u00a0\u00bbgreen\u00a0\u00bb]<strong><a class=\"patient-info-menu\" href=\"#Notdienste\">Services d&rsquo;urgence<\/a><\/strong>[\/vc_column_text][\/vc_column][vc_column css_animation=\u00a0\u00bbfadeInRight\u00a0\u00bb width=\u00a0\u00bb2\/3&Prime; el_id=\u00a0\u00bbpatient-info\u00a0\u00bb][vc_tta_accordion style=\u00a0\u00bbflat\u00a0\u00bb color=\u00a0\u00bbwhite\u00a0\u00bb active_section=\u00a0\u00bb1&Prime;][vc_tta_section title=\u00a0\u00bbVous \u00eates un nouveau patient?\u00a0\u00bb tab_id=\u00a0\u00bbneuer-patient\u00a0\u00bb][vc_column_text]<\/p>\n<p style=\"text-align: justify;\">Avant votre premier rendez-vous au cabinet, nous vous demandons de remplir un formulaire dans lequel vous r\u00e9pondez \u00e0 quelques questions sur vous-m\u00eame et votre sant\u00e9. De plus, apportez une liste des m\u00e9dicaments que vous avez consomm\u00e9s.<\/p>\n<p style=\"text-align: justify;\">Pour acc\u00e9l\u00e9rer le processus, nous vous invitons \u00e0 remplir le formulaire m\u00e9dical \u00e0 domicile ou \u00e0 vous pr\u00e9senter 15 minutes avant votre rendez-vous :<\/p>\n<p style=\"text-align: justify;\"><a href=\"https:\/\/dentist.lu\/wp-content\/uploads\/2020\/05\/2020-DENTIST.lu-AnamnesebogenFR.pdf\" target=\"_blank\" rel=\"noopener noreferrer\"><strong>T\u00e9l\u00e9charger le formulaire (PDF dynamique)<\/strong><\/a><\/p>\n<p style=\"text-align: justify;\">Imprimez-le et remettez-le \u00e0 la r\u00e9ception \u00e0 votre arriv\u00e9e, accompagn\u00e9 de votre liste compl\u00e8te de m\u00e9dicaments.<\/p>\n<p style=\"text-align: justify;\">N&rsquo;oubliez pas de vous munir de votre carte d&rsquo;identit\u00e9\/passeport et de vos \u00e9ventuelles radiographies.<\/p>\n<p>[\/vc_column_text][\/vc_tta_section][vc_tta_section title=\u00a0\u00bbA noter avant le traitement\u00a0\u00bb tab_id=\u00a0\u00bbBehandlung\u00a0\u00bb][vc_column_text]<\/p>\n<p style=\"text-align: justify;\">\u00c9tant donn\u00e9 que chaque proc\u00e9dure a ses propres particularit\u00e9s, les patients doivent absolument suivre les instructions individuelles de leur dentiste.<\/p>\n<p style=\"text-align: justify;\"><strong>Maladies et m\u00e9dicaments <\/strong><\/p>\n<p style=\"text-align: justify;\">Il est important de parler au dentiste de toute maladie avant la proc\u00e9dure. Il devrait conna\u00eetre les maladies cardiovasculaires, le diab\u00e8te, l&rsquo;intol\u00e9rance aux m\u00e9dicaments et l&rsquo;utilisation de m\u00e9dicaments tels que les anticoagulants (par exemple Marcumar, ASS). Si vous avez un passeport cardiaque ou d&rsquo;allergie, il est pr\u00e9f\u00e9rable de le pr\u00e9senter au dentiste afin qu&rsquo;il puisse s\u00e9lectionner le m\u00e9dicament appropri\u00e9 pour la proc\u00e9dure. Avec un risque accru d&rsquo;endocardite (inflammation du muscle cardiaque), il est parfois n\u00e9cessaire de prendre un antibiotique avant le traitement. Avant l&rsquo;intervention, le dentiste vous informe \u00e9galement si et pendant combien de temps prendre certains m\u00e9dicaments, par ex. les anticoagulants doivent \u00eatre arr\u00eat\u00e9s et lorsqu&rsquo;ils peuvent \u00eatre repris.<\/p>\n<p style=\"text-align: justify;\"><strong>Antidouleurs et nutrition <\/strong><\/p>\n<p style=\"text-align: justify;\">Avant l&rsquo;extraction ou l&rsquo;implantation des dents, ce qui suit s&rsquo;applique dans tous les cas: aucun analg\u00e9sique ne peut \u00eatre pris en pr\u00e9vention. Parce que cela peut entra\u00eener des complications lors de la chirurgie ou de la cicatrisation. Les boissons caf\u00e9in\u00e9es comme le cola et le caf\u00e9 sont \u00e9galement taboues avant la proc\u00e9dure. Cependant, les patients ne devraient pas se passer d&rsquo;un bon petit d\u00e9jeuner. Des aliments facilement digestibles sont particuli\u00e8rement recommand\u00e9s dans ce cas.<\/p>\n<p>[\/vc_column_text][\/vc_tta_section][vc_tta_section title=\u00a0\u00bbQue faire apr\u00e8s extraction ?\u00a0\u00bb tab_id=\u00a0\u00bbExtraktion\u00a0\u00bb][vc_column_text]<\/p>\n<p style=\"text-align: justify;\"><strong>Arr\u00eatez le saignement<\/strong><\/p>\n<p style=\"text-align: justify;\">Pour arr\u00eater le saignement, mordez sur un tampon st\u00e9rile pendant environ une demi-heure et appliquer une pression sur la plaie. <strong>Relevez la t\u00eate<\/strong>! L&rsquo;enflure et la douleur des plaies apr\u00e8s la proc\u00e9dure sont normales tant qu&rsquo;il n&rsquo;y a pas de forte fi\u00e8vre ou de difficult\u00e9 \u00e0 avaler. En cas de saignement s\u00e9v\u00e8re ou de douleur intense, m\u00eame si cela ne se produit qu&rsquo;apr\u00e8s un jour ou deux, le dentiste doit absolument \u00eatre contact\u00e9. Il est important de ne pas prendre d&rsquo;analg\u00e9siques contenant de l&rsquo;acide ac\u00e9tylsalicylique (p.ex. aspirine) car ils ont un effet anticoagulant.<\/p>\n<p style=\"text-align: justify;\"><strong>Refroidissement <\/strong><\/p>\n<p style=\"text-align: justify;\">Apr\u00e8s le traitement, la bouche affect\u00e9e doit \u00eatre refroidie. Il convient de noter que la meilleure fa\u00e7on de se refroidir est d&rsquo;utiliser des enveloppes froides et humides ou un petit coussin de refroidissement, pas de glace. Dans tous les cas, les patients doivent \u00e9viter la chaleur, telle que la lumi\u00e8re directe du soleil, pendant les premiers jours suivant la proc\u00e9dure.<\/p>\n<p style=\"text-align: justify;\"><strong>Ne stimule pas la circulation <\/strong><\/p>\n<p style=\"text-align: justify;\">Afin de ne pas augmenter davantage la pression art\u00e9rielle, les patients ne doivent pas consommer d&rsquo;alcool, de caf\u00e9, de th\u00e9 noir et ne doivent pas fumer dans les 24 premi\u00e8res heures suivant l&rsquo;intervention. L&rsquo;exercice et d&rsquo;autres efforts physiques majeurs sont \u00e9galement tabous pendant deux \u00e0 trois jours. Il convient de lever la t\u00eate la nuit.<\/p>\n<p style=\"text-align: justify;\"><strong>Manger et boire<\/strong><\/p>\n<p style=\"text-align: justify;\">Tant que l&rsquo;anesth\u00e9sique fonctionne toujours, vous devez vous abstenir de manger et de boire des boissons chaudes. Il est \u00e9galement conseill\u00e9 de ne manger que des aliments mous et pas trop chauds pendant les trois premiers jours afin de ne pas nuire \u00e0 la cicatrisation et de ne mettre en danger aucune suture.<\/p>\n<p style=\"text-align: justify;\"><strong>Hygi\u00e8ne buccale et bains de bouche<\/strong><\/p>\n<p style=\"text-align: justify;\">Apr\u00e8s la proc\u00e9dure, les bains de bouche ne peuvent \u00eatre r\u00e9utilis\u00e9s qu&rsquo;apr\u00e8s deux jours au plus t\u00f4t. La zone de la plaie ne doit pas \u00eatre nettoy\u00e9e pendant les 24 premi\u00e8res heures.<\/p>\n<p style=\"text-align: justify;\"><strong>Rendez-vous de suivi<\/strong><\/p>\n<p style=\"text-align: justify;\">Si la plaie a \u00e9t\u00e9 cousue apr\u00e8s la proc\u00e9dure, les points de suture sont g\u00e9n\u00e9ralement retir\u00e9s apr\u00e8s environ 1-2 semaines. Il est important de respecter ce rendez-vous, car si les fils restent dans la plaie trop longtemps, ils peuvent se d\u00e9velopper et s&rsquo;infecter.<\/p>\n<p>[\/vc_column_text][\/vc_tta_section][vc_tta_section title=\u00a0\u00bbQue faire apr\u00e8s une implantation dentaire?\u00a0\u00bb tab_id=\u00a0\u00bbZahnimplantation\u00a0\u00bb][vc_column_text]<\/p>\n<p style=\"text-align: justify;\">Apr\u00e8s une implantation, une l\u00e9g\u00e8re douleur, un gonflement et des ecchymoses sont des cons\u00e9quences typiques, selon la port\u00e9e de la proc\u00e9dure. Les instructions suivantes aident \u00e0 promouvoir un processus de gu\u00e9rison simple.<\/p>\n<p style=\"text-align: justify;\"><strong>Les premiers jours<\/strong><\/p>\n<p style=\"text-align: justify;\">\u00c9vitez les efforts et les activit\u00e9s qui font augmenter la tension art\u00e9rielle (p. ex. sports, stress, sauna). \u00c9vitez \u00e9galement de consommer du caf\u00e9, de l&rsquo;alcool et du th\u00e9 noir. Refroidissez la zone de fonctionnement, par ex. au moyen d&rsquo;un sac de refroidissement. \u00c9vitez la pression dans la zone chirurgicale! <strong>Ne fumez pas!<\/strong> Sinon, les risques de d\u00e9veloppement de la douleur et de troubles de cicatrisation et m\u00eame de perte d&rsquo;implant sont consid\u00e9rablement augment\u00e9s! Prenez des analg\u00e9siques selon les instructions dentaires. Prenez les m\u00e9dicaments prescrits (par exemple, les antibiotiques) et les solutions d&rsquo;irrigation comme indiqu\u00e9. Brossez-vous les dents r\u00e9guli\u00e8rement, mais laissez de c\u00f4t\u00e9 la zone de l&rsquo;implant. Si vous avez des questions ou des douleurs, veuillez contacter le cabinet t\u00f4t!<\/p>\n<p style=\"text-align: justify;\"><strong>Apr\u00e8s suture<\/strong><\/p>\n<p style=\"text-align: justify;\">\u00c9vitez toute pression suppl\u00e9mentaire sur la zone chirurgicale, par ex. en raison de proth\u00e8ses de transition mal adapt\u00e9es, d&rsquo;une mastication directe ou d&rsquo;un contact constant avec la langue sur la r\u00e9gion de l&rsquo;implant. Brossez soigneusement la zone de l&rsquo;implant avec une brosse \u00e0 dents souple.<\/p>\n<p style=\"text-align: justify;\"><strong>Apr\u00e8s la restauration proth\u00e9tique <\/strong><\/p>\n<p style=\"text-align: justify;\">Les implants n\u00e9cessitent une hygi\u00e8ne buccale sup\u00e9rieure \u00e0 la moyenne afin de pouvoir remplir leur fonction \u00e0 long terme. Faites contr\u00f4ler r\u00e9guli\u00e8rement vos dents et vos implants. Nous vous souhaitons une bonne gu\u00e9rison!<\/p>\n<p>[\/vc_column_text][\/vc_tta_section][vc_tta_section title=\u00a0\u00bbConseils apr\u00e8s r\u00e9g\u00e9n\u00e9ration osseuse ou sinus lift\u00a0\u00bb tab_id=\u00a0\u00bbknochenaufbau\u00a0\u00bb][vc_column_text]Text[\/vc_column_text][\/vc_tta_section][vc_tta_section title=\u00a0\u00bbServices d&rsquo;urgence\u00a0\u00bb tab_id=\u00a0\u00bbNotdienste\u00a0\u00bb][vc_row_inner][vc_column_inner width=\u00a0\u00bb1\/2&Prime;][vc_empty_space height=\u00a0\u00bb52px\u00a0\u00bb][vc_icon icon_fontawesome=\u00a0\u00bbfas fa-h-square\u00a0\u00bb color=\u00a0\u00bbcustom\u00a0\u00bb align=\u00a0\u00bbcenter\u00a0\u00bb custom_color=\u00a0\u00bb#89b335&Prime; link=\u00a0\u00bburl:https%3A%2F%2Fsante.public.lu%2Ffr%2Furgences-gardes%2Fservices-garde%2Fhopitaux-garde%2Findex.html||target:%20_blank|\u00a0\u00bb][vc_column_text]<\/p>\n<p style=\"text-align: center;\"><a href=\"http:\/\/sante.public.lu\/fr\/urgences-gardes\/services-garde\/hopitaux-garde\/index.html\">HOPITAL D&rsquo;URGENCE<\/a><\/p>\n<p>[\/vc_column_text][\/vc_column_inner][vc_column_inner width=\u00a0\u00bb1\/2&Prime;][vc_empty_space height=\u00a0\u00bb52px\u00a0\u00bb][vc_icon icon_fontawesome=\u00a0\u00bbfas fa-mortar-pestle\u00a0\u00bb color=\u00a0\u00bbcustom\u00a0\u00bb align=\u00a0\u00bbcenter\u00a0\u00bb custom_color=\u00a0\u00bb#89b335&Prime; link=\u00a0\u00bburl:https%3A%2F%2Fwww.pharmacie.lu%2Fservice-de-garde%2F||target:%20_blank|\u00a0\u00bb][vc_column_text]<\/p>\n<p style=\"text-align: center;\"><a href=\"https:\/\/www.pharmacie.lu\/service-de-garde\/\">PHARMACIE D&rsquo;URGENCE<\/a><\/p>\n<p>[\/vc_column_text][\/vc_column_inner][\/vc_row_inner][\/vc_tta_section][\/vc_tta_accordion][\/vc_column][\/vc_row]<\/p>\n","protected":false},"excerpt":{"rendered":"<p>[vc_row content_placement=\u00a0\u00bbbottom\u00a0\u00bb el_class=\u00a0\u00bbmain-img\u00a0\u00bb css=\u00a0\u00bb.vc_custom_1580910575918{background-image: url(https:\/\/dentist.lu\/wp-content\/uploads\/2020\/02\/main-img-patient.jpg?id=292) !important;}\u00a0\u00bb][vc_column][\/vc_column][\/vc_row][vc_row el_class=\u00a0\u00bbcontainer content-patient\u00a0\u00bb css=\u00a0\u00bb.vc_custom_1579604379870{margin-bottom: 50px !important;}\u00a0\u00bb][vc_column width=\u00a0\u00bb1\/3&Prime; el_id=\u00a0\u00bbfixed-menu\u00a0\u00bb][vc_empty_space height=\u00a0\u00bb12px\u00a0\u00bb][vc_column_text el_class=\u00a0\u00bbgreen\u00a0\u00bb]Nouveau patient[\/vc_column_text][vc_empty_space height=\u00a0\u00bb18px\u00a0\u00bb][vc_column_text el_class=\u00a0\u00bbgreen\u00a0\u00bb]Conseils pr\u00e9-op\u00e9ratoires[\/vc_column_text][vc_empty_space height=\u00a0\u00bb18px\u00a0\u00bb][vc_column_text el_class=\u00a0\u00bbgreen\u00a0\u00bb]Extractions[\/vc_column_text][vc_empty_space height=\u00a0\u00bb18px\u00a0\u00bb][vc_column_text el_class=\u00a0\u00bbgreen\u00a0\u00bb]Implants[\/vc_column_text][vc_empty_space height=\u00a0\u00bb18px\u00a0\u00bb][vc_column_text el_class=\u00a0\u00bbgreen\u00a0\u00bb]R\u00e9g\u00e9n\u00e9ration osseuse[\/vc_column_text][vc_empty_space height=\u00a0\u00bb150px\u00a0\u00bb][vc_column_text el_class=\u00a0\u00bbgreen\u00a0\u00bb]Services d&rsquo;urgence[\/vc_column_text][\/vc_column][vc_column css_animation=\u00a0\u00bbfadeInRight\u00a0\u00bb width=\u00a0\u00bb2\/3&Prime; el_id=\u00a0\u00bbpatient-info\u00a0\u00bb][vc_tta_accordion style=\u00a0\u00bbflat\u00a0\u00bb color=\u00a0\u00bbwhite\u00a0\u00bb active_section=\u00a0\u00bb1&Prime;][vc_tta_section title=\u00a0\u00bbVous \u00eates un nouveau patient?\u00a0\u00bb tab_id=\u00a0\u00bbneuer-patient\u00a0\u00bb][vc_column_text] Avant votre premier rendez-vous au cabinet, nous vous demandons de remplir un formulaire dans [&hellip;]<\/p>\n","protected":false},"author":5,"featured_media":0,"parent":0,"menu_order":0,"comment_status":"closed","ping_status":"closed","template":"page-full-width.php","meta":{"footnotes":""},"class_list":["post-972","page","type-page","status-publish","hentry"],"yoast_head":"<!-- This site is optimized with the Yoast SEO Premium plugin v14.9 - https:\/\/yoast.com\/wordpress\/plugins\/seo\/ -->\n<meta name=\"robots\" content=\"index, follow, max-snippet:-1, max-image-preview:large, max-video-preview:-1\" \/>\n<link rel=\"canonical\" href=\"https:\/\/dentist.lu\/fr\/info-patient\" \/>\n<meta property=\"og:locale\" content=\"fr_FR\" \/>\n<meta property=\"og:type\" content=\"article\" \/>\n<meta property=\"og:title\" content=\"Info patient - Dentist.lu\" \/>\n<meta property=\"og:description\" content=\"[vc_row content_placement=\u00a0\u00bbbottom\u00a0\u00bb el_class=\u00a0\u00bbmain-img\u00a0\u00bb css=\u00a0\u00bb.vc_custom_1580910575918{background-image: url(https:\/\/dentist.lu\/wp-content\/uploads\/2020\/02\/main-img-patient.jpg?id=292) !important;}\u00a0\u00bb][vc_column][\/vc_column][\/vc_row][vc_row el_class=\u00a0\u00bbcontainer content-patient\u00a0\u00bb css=\u00a0\u00bb.vc_custom_1579604379870{margin-bottom: 50px !important;}\u00a0\u00bb][vc_column width=\u00a0\u00bb1\/3&Prime; el_id=\u00a0\u00bbfixed-menu\u00a0\u00bb][vc_empty_space height=\u00a0\u00bb12px\u00a0\u00bb][vc_column_text el_class=\u00a0\u00bbgreen\u00a0\u00bb]Nouveau patient[\/vc_column_text][vc_empty_space height=\u00a0\u00bb18px\u00a0\u00bb][vc_column_text el_class=\u00a0\u00bbgreen\u00a0\u00bb]Conseils pr\u00e9-op\u00e9ratoires[\/vc_column_text][vc_empty_space height=\u00a0\u00bb18px\u00a0\u00bb][vc_column_text el_class=\u00a0\u00bbgreen\u00a0\u00bb]Extractions[\/vc_column_text][vc_empty_space height=\u00a0\u00bb18px\u00a0\u00bb][vc_column_text el_class=\u00a0\u00bbgreen\u00a0\u00bb]Implants[\/vc_column_text][vc_empty_space height=\u00a0\u00bb18px\u00a0\u00bb][vc_column_text el_class=\u00a0\u00bbgreen\u00a0\u00bb]R\u00e9g\u00e9n\u00e9ration osseuse[\/vc_column_text][vc_empty_space height=\u00a0\u00bb150px\u00a0\u00bb][vc_column_text el_class=\u00a0\u00bbgreen\u00a0\u00bb]Services d&rsquo;urgence[\/vc_column_text][\/vc_column][vc_column css_animation=\u00a0\u00bbfadeInRight\u00a0\u00bb width=\u00a0\u00bb2\/3&Prime; el_id=\u00a0\u00bbpatient-info\u00a0\u00bb][vc_tta_accordion style=\u00a0\u00bbflat\u00a0\u00bb color=\u00a0\u00bbwhite\u00a0\u00bb active_section=\u00a0\u00bb1&Prime;][vc_tta_section title=\u00a0\u00bbVous \u00eates un nouveau patient?\u00a0\u00bb tab_id=\u00a0\u00bbneuer-patient\u00a0\u00bb][vc_column_text] Avant votre premier rendez-vous au cabinet, nous vous demandons de remplir un formulaire dans [&hellip;]\" \/>\n<meta property=\"og:url\" content=\"https:\/\/dentist.lu\/fr\/info-patient\" \/>\n<meta property=\"og:site_name\" content=\"Dentist.lu\" \/>\n<meta property=\"article:modified_time\" content=\"2020-05-06T14:05:43+00:00\" \/>\n<meta property=\"og:image\" content=\"https:\/\/dentist.lu\/wp-content\/uploads\/2020\/04\/logo-dentistlu.jpg\" \/>\n\t<meta property=\"og:image:width\" content=\"1777\" \/>\n\t<meta property=\"og:image:height\" content=\"398\" \/>\n<meta name=\"twitter:card\" content=\"summary_large_image\" \/>\n<script type=\"application\/ld+json\" class=\"yoast-schema-graph\">{\"@context\":\"https:\/\/schema.org\",\"@graph\":[{\"@type\":\"Organization\",\"@id\":\"https:\/\/dentist.lu\/fr\/#organization\",\"name\":\"Dentist.lu\",\"url\":\"https:\/\/dentist.lu\/fr\/\",\"sameAs\":[],\"logo\":{\"@type\":\"ImageObject\",\"@id\":\"https:\/\/dentist.lu\/fr\/#logo\",\"inLanguage\":\"fr-FR\",\"url\":\"https:\/\/dentist.lu\/wp-content\/uploads\/2020\/04\/logo-dentistlu.jpg\",\"width\":1777,\"height\":398,\"caption\":\"Dentist.lu\"},\"image\":{\"@id\":\"https:\/\/dentist.lu\/fr\/#logo\"}},{\"@type\":\"WebSite\",\"@id\":\"https:\/\/dentist.lu\/fr\/#website\",\"url\":\"https:\/\/dentist.lu\/fr\/\",\"name\":\"Dentist.lu\",\"description\":\"Dr. BIEWER &amp; Dr. KOLB\",\"publisher\":{\"@id\":\"https:\/\/dentist.lu\/fr\/#organization\"},\"potentialAction\":[{\"@type\":\"SearchAction\",\"target\":\"https:\/\/dentist.lu\/fr\/?s={search_term_string}\",\"query-input\":\"required name=search_term_string\"}],\"inLanguage\":\"fr-FR\"},{\"@type\":\"WebPage\",\"@id\":\"https:\/\/dentist.lu\/fr\/info-patient#webpage\",\"url\":\"https:\/\/dentist.lu\/fr\/info-patient\",\"name\":\"Info patient - Dentist.lu\",\"isPartOf\":{\"@id\":\"https:\/\/dentist.lu\/fr\/#website\"},\"datePublished\":\"2020-04-25T16:25:04+00:00\",\"dateModified\":\"2020-05-06T14:05:43+00:00\",\"inLanguage\":\"fr-FR\",\"potentialAction\":[{\"@type\":\"ReadAction\",\"target\":[\"https:\/\/dentist.lu\/fr\/info-patient\"]}]}]}<\/script>\n<!-- \/ Yoast SEO Premium plugin. -->","_links":{"self":[{"href":"https:\/\/dentist.lu\/fr\/wp-json\/wp\/v2\/pages\/972","targetHints":{"allow":["GET"]}}],"collection":[{"href":"https:\/\/dentist.lu\/fr\/wp-json\/wp\/v2\/pages"}],"about":[{"href":"https:\/\/dentist.lu\/fr\/wp-json\/wp\/v2\/types\/page"}],"author":[{"embeddable":true,"href":"https:\/\/dentist.lu\/fr\/wp-json\/wp\/v2\/users\/5"}],"replies":[{"embeddable":true,"href":"https:\/\/dentist.lu\/fr\/wp-json\/wp\/v2\/comments?post=972"}],"version-history":[{"count":29,"href":"https:\/\/dentist.lu\/fr\/wp-json\/wp\/v2\/pages\/972\/revisions"}],"predecessor-version":[{"id":1358,"href":"https:\/\/dentist.lu\/fr\/wp-json\/wp\/v2\/pages\/972\/revisions\/1358"}],"wp:attachment":[{"href":"https:\/\/dentist.lu\/fr\/wp-json\/wp\/v2\/media?parent=972"}],"curies":[{"name":"wp","href":"https:\/\/api.w.org\/{rel}","templated":true}]}}